{"id":12,"date":"2023-01-14T08:25:02","date_gmt":"2023-01-14T08:25:02","guid":{"rendered":"http:\/\/www.topapartmany.cz\/?page_id=12"},"modified":"2023-04-22T10:41:55","modified_gmt":"2023-04-22T10:41:55","slug":"uvod","status":"publish","type":"page","link":"https:\/\/www.topapartmany.cz\/","title":{"rendered":""},"content":{"rendered":"<div id=\"metaslider-id-39\" style=\"width: 100%;\" class=\"ml-slider-3-96-0 metaslider metaslider-flex metaslider-39 ml-slider ms-theme-default\" role=\"region\" aria-roledescription=\"Slideshow\" aria-label=\"New Slideshow\">\n    <div id=\"metaslider_container_39\">\n        <div id=\"metaslider_39\">\n            <ul class='slides'>\n                <li style=\"display: block; width: 100%;\" class=\"slide-300 ms-image \" aria-roledescription=\"slide\" aria-label=\"slide-300\" data-date=\"2023-04-22 10:31:22\"><img loading=\"lazy\" decoding=\"async\" src=\"https:\/\/www.topapartmany.cz\/wp-content\/uploads\/2023\/04\/2-1920x864.jpg\" height=\"864\" width=\"1920\" alt=\"\" class=\"slider-39 slide-300\" title=\"2\" \/><\/li>\n                <li style=\"display: none; width: 100%;\" class=\"slide-299 ms-image \" aria-roledescription=\"slide\" aria-label=\"slide-299\" data-date=\"2023-04-22 10:31:22\"><img loading=\"lazy\" decoding=\"async\" src=\"https:\/\/www.topapartmany.cz\/wp-content\/uploads\/2023\/04\/1.jpg\" height=\"864\" width=\"1920\" alt=\"\" class=\"slider-39 slide-299\" title=\"1\" \/><\/li>\n                <li style=\"display: none; width: 100%;\" class=\"slide-306 ms-image \" aria-roledescription=\"slide\" aria-label=\"slide-306\" data-date=\"2023-04-22 10:49:41\"><img loading=\"lazy\" decoding=\"async\" src=\"https:\/\/www.topapartmany.cz\/wp-content\/uploads\/2023\/04\/3-1.jpg\" height=\"864\" width=\"1920\" alt=\"\" class=\"slider-39 slide-306\" title=\"3\" \/><\/li>\n            <\/ul>\n        <\/div>\n        \n    <\/div>\n<\/div>\n\n\n<p>V\u00edt\u00e1me V\u00e1s na na\u0161ich str\u00e1nk\u00e1ch a nab\u00edz\u00edme V\u00e1m p\u0159\u00edjemn\u00e9 ubytov\u00e1n\u00ed v na\u0161ich apartm\u00e1nech. Ubytovat se m\u016f\u017eete ve Vysok\u00fdch Tatr\u00e1ch &nbsp;na Slovensku nebo vyu\u017e\u00edt Apartm\u00e1n Lesn\u00ed kter\u00fd je v l\u00e1ze\u0148sk\u00e9m centru Mari\u00e1nsk\u00fdch L\u00e1zn\u00ed, pokud m\u00e1te cestu do Prahy m\u00e1me pro V\u00e1s p\u0159ipraveny apartm\u00e1ny i zde.&nbsp;<\/p>\n\n\n\n<p>&nbsp;T\u011b\u0161\u00edme se na Va\u0161i n\u00e1v\u0161t\u011bvu.<\/p>\n\n\n\n<p>      <\/p>\n\n\n\n<div class=\"wp-block-columns is-layout-flex wp-container-core-columns-is-layout-9d6595d7 wp-block-columns-is-layout-flex\">\n<div class=\"wp-block-column is-layout-flow wp-block-column-is-layout-flow\">\n<p> <\/p>\n\n\n\n<figure class=\"wp-block-image size-large\"><a href=\"http:\/\/www.topapartmany.cz\/?page_id=66\"><img loading=\"lazy\" decoding=\"async\" width=\"700\" height=\"560\" src=\"http:\/\/www.topapartmany.cz\/wp-content\/uploads\/2023\/04\/ML-1-700x560.jpg\" alt=\"\" class=\"wp-image-303\" srcset=\"https:\/\/www.topapartmany.cz\/wp-content\/uploads\/2023\/04\/ML-1-700x560.jpg 700w, https:\/\/www.topapartmany.cz\/wp-content\/uploads\/2023\/04\/ML-1-300x240.jpg 300w, https:\/\/www.topapartmany.cz\/wp-content\/uploads\/2023\/04\/ML-1-768x614.jpg 768w, https:\/\/www.topapartmany.cz\/wp-content\/uploads\/2023\/04\/ML-1-1536x1229.jpg 1536w, https:\/\/www.topapartmany.cz\/wp-content\/uploads\/2023\/04\/ML-1-1140x912.jpg 1140w, https:\/\/www.topapartmany.cz\/wp-content\/uploads\/2023\/04\/ML-1.jpg 1600w\" sizes=\"auto, (max-width: 700px) 100vw, 700px\" \/><\/a><figcaption class=\"wp-element-caption\"> <\/figcaption><\/figure>\n\n\n\n<p class=\"has-text-align-center\" style=\"font-size:30px\"><strong>Mari\u00e1nsk\u00e9 l\u00e1zn\u011b<\/strong><\/p>\n<\/div>\n\n\n\n<div class=\"wp-block-column is-layout-flow wp-block-column-is-layout-flow\">\n<p> <\/p>\n\n\n\n<figure class=\"wp-block-image size-large\"><a href=\"http:\/\/www.topapartmany.cz\/?page_id=64\"><img loading=\"lazy\" decoding=\"async\" width=\"700\" height=\"560\" src=\"http:\/\/www.topapartmany.cz\/wp-content\/uploads\/2023\/04\/PH-700x560.jpg\" alt=\"\" class=\"wp-image-291\" srcset=\"https:\/\/www.topapartmany.cz\/wp-content\/uploads\/2023\/04\/PH-700x560.jpg 700w, https:\/\/www.topapartmany.cz\/wp-content\/uploads\/2023\/04\/PH-300x240.jpg 300w, https:\/\/www.topapartmany.cz\/wp-content\/uploads\/2023\/04\/PH-768x614.jpg 768w, https:\/\/www.topapartmany.cz\/wp-content\/uploads\/2023\/04\/PH-1536x1229.jpg 1536w, https:\/\/www.topapartmany.cz\/wp-content\/uploads\/2023\/04\/PH-1140x912.jpg 1140w, https:\/\/www.topapartmany.cz\/wp-content\/uploads\/2023\/04\/PH.jpg 1600w\" sizes=\"auto, (max-width: 700px) 100vw, 700px\" \/><\/a><figcaption class=\"wp-element-caption\"> <\/figcaption><\/figure>\n\n\n\n<p class=\"has-text-align-center\" style=\"font-size:30px\"><strong>Praha<\/strong><\/p>\n<\/div>\n\n\n\n<div class=\"wp-block-column is-layout-flow wp-block-column-is-layout-flow\">\n<p><\/p>\n\n\n\n<figure class=\"wp-block-image size-large\"><a href=\"http:\/\/www.topapartmany.cz\/?page_id=68\"><img loading=\"lazy\" decoding=\"async\" width=\"700\" height=\"560\" src=\"http:\/\/www.topapartmany.cz\/wp-content\/uploads\/2023\/04\/VL-1-700x560.jpg\" alt=\"\" class=\"wp-image-293\" srcset=\"https:\/\/www.topapartmany.cz\/wp-content\/uploads\/2023\/04\/VL-1-700x560.jpg 700w, https:\/\/www.topapartmany.cz\/wp-content\/uploads\/2023\/04\/VL-1-300x240.jpg 300w, https:\/\/www.topapartmany.cz\/wp-content\/uploads\/2023\/04\/VL-1-768x614.jpg 768w, https:\/\/www.topapartmany.cz\/wp-content\/uploads\/2023\/04\/VL-1-1536x1228.jpg 1536w, https:\/\/www.topapartmany.cz\/wp-content\/uploads\/2023\/04\/VL-1-1140x911.jpg 1140w, https:\/\/www.topapartmany.cz\/wp-content\/uploads\/2023\/04\/VL-1.jpg 1600w\" sizes=\"auto, (max-width: 700px) 100vw, 700px\" \/><\/a><figcaption class=\"wp-element-caption\"> <\/figcaption><\/figure>\n\n\n\n<p class=\"has-text-align-center\" style=\"font-size:30px\"><strong>Ve\u013ek\u00e1 Lomnica<\/strong><\/p>\n<\/div>\n<\/div>\n","protected":false},"excerpt":{"rendered":"<p>V\u00edt\u00e1me V\u00e1s na na\u0161ich str\u00e1nk\u00e1ch a nab\u00edz\u00edme V\u00e1m p\u0159\u00edjemn\u00e9 ubytov\u00e1n\u00ed v na\u0161ich apartm\u00e1nech. Ubytovat se m\u016f\u017eete ve Vysok\u00fdch Tatr\u00e1ch &nbsp;na Slovensku nebo vyu\u017e\u00edt Apartm\u00e1n Lesn\u00ed kter\u00fd je v l\u00e1ze\u0148sk\u00e9m centru Mari\u00e1nsk\u00fdch L\u00e1zn\u00ed, pokud m\u00e1te cestu do Prahy m\u00e1me pro V\u00e1s p\u0159ipraveny apartm\u00e1ny i zde.&nbsp; &nbsp;T\u011b\u0161\u00edme se na Va\u0161i n\u00e1v\u0161t\u011bvu. Mari\u00e1nsk\u00e9 l\u00e1zn\u011b Praha Ve\u013ek\u00e1 Lomnica<\/p>\n","protected":false},"author":2,"featured_media":0,"parent":0,"menu_order":0,"comment_status":"closed","ping_status":"closed","template":"","meta":{"footnotes":""},"class_list":["post-12","page","type-page","status-publish","hentry"],"_links":{"self":[{"href":"https:\/\/www.topapartmany.cz\/index.php?rest_route=\/wp\/v2\/pages\/12","targetHints":{"allow":["GET"]}}],"collection":[{"href":"https:\/\/www.topapartmany.cz\/index.php?rest_route=\/wp\/v2\/pages"}],"about":[{"href":"https:\/\/www.topapartmany.cz\/index.php?rest_route=\/wp\/v2\/types\/page"}],"author":[{"embeddable":true,"href":"https:\/\/www.topapartmany.cz\/index.php?rest_route=\/wp\/v2\/users\/2"}],"replies":[{"embeddable":true,"href":"https:\/\/www.topapartmany.cz\/index.php?rest_route=%2Fwp%2Fv2%2Fcomments&post=12"}],"version-history":[{"count":25,"href":"https:\/\/www.topapartmany.cz\/index.php?rest_route=\/wp\/v2\/pages\/12\/revisions"}],"predecessor-version":[{"id":304,"href":"https:\/\/www.topapartmany.cz\/index.php?rest_route=\/wp\/v2\/pages\/12\/revisions\/304"}],"wp:attachment":[{"href":"https:\/\/www.topapartmany.cz\/index.php?rest_route=%2Fwp%2Fv2%2Fmedia&parent=12"}],"curies":[{"name":"wp","href":"https:\/\/api.w.org\/{rel}","templated":true}]}}