{"id":151,"date":"2023-02-16T17:27:13","date_gmt":"2023-02-16T17:27:13","guid":{"rendered":"http:\/\/www.topapartmany.cz\/?page_id=151"},"modified":"2024-03-17T15:46:46","modified_gmt":"2024-03-17T15:46:46","slug":"kontakty","status":"publish","type":"page","link":"https:\/\/www.topapartmany.cz\/?page_id=151","title":{"rendered":"Kontakty"},"content":{"rendered":"\n<div class=\"wp-block-columns is-layout-flex wp-container-core-columns-is-layout-9d6595d7 wp-block-columns-is-layout-flex\">\n<div class=\"wp-block-column is-layout-flow wp-block-column-is-layout-flow\" style=\"flex-basis:33%\">\n<p class=\"has-text-align-center\" style=\"font-size:22px\"><strong>Mari\u00e1nsk\u00e9 L\u00e1zn\u011b<\/strong><\/p>\n\n\n\n<p class=\"has-text-align-center has-black-color has-text-color\"><strong>Adresa<\/strong><br>Lesn\u00ed 174<br>Mari\u00e1nsk\u00e9 L\u00e1zn\u011b<br>353 01<\/p>\n\n\n\n<p class=\"has-text-align-center has-black-color has-text-color\">Email: <a href=\"mailto:info@topapartmany.cz\">info@topapartmany.cz<\/a><br>Telefon: <a href=\"tel:00420774932846\">+420 774 932 846<\/a><\/p>\n\n\n\n<p class=\"has-text-align-center has-black-color has-text-color\">GPS: <a rel=\"noreferrer noopener\" href=\"https:\/\/goo.gl\/maps\/WS7c6A9ZutzXPokv5\" target=\"_blank\">49\u00b058&#8217;40.9&#8243;N,<br>12\u00b042&#8217;28.8&#8243;E<\/a><\/p>\n<\/div>\n\n\n\n<div class=\"wp-block-column is-layout-flow wp-block-column-is-layout-flow\" style=\"flex-basis:33%\">\n<p class=\"has-text-align-center\" style=\"font-size:22px\"><strong>Praha<\/strong><\/p>\n\n\n\n<p class=\"has-text-align-center has-black-color has-text-color\"><strong>Adresa<\/strong><br>Polsk\u00e1 5<br>Praha 2<br>120 00<\/p>\n\n\n\n<p class=\"has-text-align-center has-black-color has-text-color\">Email: <a href=\"mailto:info@topapartmany.cz\">info@topapartmany.cz<\/a><br>Telefon: <a href=\"tel:00420774932846\">+420 774 932 846<\/a><\/p>\n\n\n\n<p class=\"has-text-align-center has-black-color has-text-color\">GPS: <a rel=\"noreferrer noopener\" href=\"https:\/\/goo.gl\/maps\/8ZFJ5u7Pt5HyBcSK7\" target=\"_blank\">50\u00b004&#8217;44.1&#8243;N,<br>14\u00b026&#8217;44.8&#8243;E<\/a><\/p>\n<\/div>\n\n\n\n<div class=\"wp-block-column is-layout-flow wp-block-column-is-layout-flow\" style=\"flex-basis:33%\">\n<p class=\"has-text-align-center\" style=\"font-size:22px\"><strong>Ve\u013ek\u00e1 Lomnica<\/strong><\/p>\n\n\n\n<p class=\"has-text-align-center has-black-color has-text-color\"><strong>Adresa<\/strong><br>Tatransk\u00e1 610<br>Ve\u013ek\u00e1 Lomnica<br>059 52<\/p>\n\n\n\n<p class=\"has-text-align-center has-black-color has-text-color\">Email: <a href=\"mailto:info@topapartmany.cz\">info@topapartmany.cz<\/a><br>Telefon: <a href=\"tel:00420774932846\">+420 774 932 846<\/a><\/p>\n\n\n\n<p class=\"has-text-align-center has-black-color has-text-color\">GPS: <a rel=\"noreferrer noopener\" href=\"https:\/\/goo.gl\/maps\/qUuKYML8cUyRrDDw5\" target=\"_blank\">49\u00b07&#8217;26.4&#8243;N,<br>20\u00b020&#8217;55.9&#8243;E<\/a><\/p>\n<\/div>\n<\/div>\n","protected":false},"excerpt":{"rendered":"<p>Mari\u00e1nsk\u00e9 L\u00e1zn\u011b AdresaLesn\u00ed 174Mari\u00e1nsk\u00e9 L\u00e1zn\u011b353 01 Email: info@topapartmany.czTelefon: +420 774 932 846 GPS: 49\u00b058&#8217;40.9&#8243;N,12\u00b042&#8217;28.8&#8243;E Praha AdresaPolsk\u00e1 5Praha 2120 00 Email: info@topapartmany.czTelefon: +420 774 932 846 GPS: 50\u00b004&#8217;44.1&#8243;N,14\u00b026&#8217;44.8&#8243;E Ve\u013ek\u00e1 Lomnica AdresaTatransk\u00e1 610Ve\u013ek\u00e1 Lomnica059 52 Email: info@topapartmany.czTelefon: +420 774 932 846 GPS: 49\u00b07&#8217;26.4&#8243;N,20\u00b020&#8217;55.9&#8243;E<\/p>\n","protected":false},"author":2,"featured_media":0,"parent":0,"menu_order":0,"comment_status":"closed","ping_status":"closed","template":"","meta":{"footnotes":""},"class_list":["post-151","page","type-page","status-publish","hentry"],"_links":{"self":[{"href":"https:\/\/www.topapartmany.cz\/index.php?rest_route=\/wp\/v2\/pages\/151","targetHints":{"allow":["GET"]}}],"collection":[{"href":"https:\/\/www.topapartmany.cz\/index.php?rest_route=\/wp\/v2\/pages"}],"about":[{"href":"https:\/\/www.topapartmany.cz\/index.php?rest_route=\/wp\/v2\/types\/page"}],"author":[{"embeddable":true,"href":"https:\/\/www.topapartmany.cz\/index.php?rest_route=\/wp\/v2\/users\/2"}],"replies":[{"embeddable":true,"href":"https:\/\/www.topapartmany.cz\/index.php?rest_route=%2Fwp%2Fv2%2Fcomments&post=151"}],"version-history":[{"count":28,"href":"https:\/\/www.topapartmany.cz\/index.php?rest_route=\/wp\/v2\/pages\/151\/revisions"}],"predecessor-version":[{"id":442,"href":"https:\/\/www.topapartmany.cz\/index.php?rest_route=\/wp\/v2\/pages\/151\/revisions\/442"}],"wp:attachment":[{"href":"https:\/\/www.topapartmany.cz\/index.php?rest_route=%2Fwp%2Fv2%2Fmedia&parent=151"}],"curies":[{"name":"wp","href":"https:\/\/api.w.org\/{rel}","templated":true}]}}