{"id":176,"date":"2023-02-16T18:35:17","date_gmt":"2023-02-16T18:35:17","guid":{"rendered":"http:\/\/www.topapartmany.cz\/?page_id=176"},"modified":"2025-12-27T17:49:53","modified_gmt":"2025-12-27T17:49:53","slug":"cenik","status":"publish","type":"page","link":"https:\/\/www.topapartmany.cz\/?page_id=176","title":{"rendered":"Cen\u00edk"},"content":{"rendered":"\n<figure class=\"wp-block-table is-style-stripes\"><table class=\"has-black-color has-white-background-color has-text-color has-background\"><tbody><tr><td class=\"has-text-align-center\" data-align=\"center\"><\/td><td class=\"has-text-align-center\" data-align=\"center\"><strong>Ve\u013ek\u00e1 Lomnica<\/strong><\/td><td class=\"has-text-align-center\" data-align=\"center\"><strong>Mari\u00e1nsk\u00e9 L\u00e1zn\u011b<\/strong><\/td><td class=\"has-text-align-center\" data-align=\"center\"><strong>Praha<\/strong><\/td><\/tr><tr><td class=\"has-text-align-center\" data-align=\"center\">2 osoby \/ noc<\/td><td class=\"has-text-align-center\" data-align=\"center\">od 99 \u20ac<\/td><td class=\"has-text-align-center\" data-align=\"center\">od 990 K\u010d<\/td><td class=\"has-text-align-center\" data-align=\"center\">od 990 K\u010d<\/td><\/tr><tr><td class=\"has-text-align-center\" data-align=\"center\">dal\u0161\u00ed osoba \/ noc<\/td><td class=\"has-text-align-center\" data-align=\"center\">20 \u20ac<\/td><td class=\"has-text-align-center\" data-align=\"center\">400 K\u010d<\/td><td class=\"has-text-align-center\" data-align=\"center\">400 K\u010d<\/td><\/tr><tr><td class=\"has-text-align-center\" data-align=\"center\">Silvestr 2 osoby \/ noc<\/td><td class=\"has-text-align-center\" data-align=\"center\">od 109 \u20ac<\/td><td class=\"has-text-align-center\" data-align=\"center\">od 1400 K\u010d<\/td><td class=\"has-text-align-center\" data-align=\"center\">od 1900 K\u010d<\/td><\/tr><tr><td class=\"has-text-align-center\" data-align=\"center\">\u00faklid apartm\u00e1nu<\/td><td class=\"has-text-align-center\" data-align=\"center\">50 \u20ac<\/td><td class=\"has-text-align-center\" data-align=\"center\">500 K\u010d<\/td><td class=\"has-text-align-center\" data-align=\"center\">500-700 K\u010d<\/td><\/tr><tr><td class=\"has-text-align-center\" data-align=\"center\"><\/td><td class=\"has-text-align-center\" data-align=\"center\"><a href=\"http:\/\/www.apartmanylomnica.sk\/rezervacia\/\" target=\"_blank\" rel=\"noreferrer noopener\">Rezervovat nyn\u00ed<\/a><\/td><td class=\"has-text-align-center\" data-align=\"center\"><a href=\"http:\/\/www.booking.com\/hotel\/cz\/top-apartmany-lesni.html?aid=330843;lang=cs\" target=\"_blank\" rel=\"noreferrer noopener\">Rezervovat nyn\u00ed<\/a><\/td><td class=\"has-text-align-center\" data-align=\"center\"><a rel=\"noreferrer noopener\" href=\"http:\/\/www.booking.com\/hotel\/cz\/topapartmany.html?aid=330843;lang=cs\" target=\"_blank\">Rezervovat nyn\u00ed<\/a><\/td><\/tr><\/tbody><\/table><\/figure>\n\n\n\n<p class=\"has-text-align-center has-small-font-size\">V Praze a Mari\u00e1nsk\u00fdch L\u00e1zn\u00edch je mo\u017enost zap\u016fj\u010den\u00ed kolob\u011b\u017eky nebo kola od 200 K\u010d \/ den \u2013 objedn\u00e1vka pouze p\u0159es email a nejm\u00e9n\u011b 4 dny p\u0159ed p\u0159\u00edjezdem, pouze pro ubytovan\u00e9 hosty<br>V Mari\u00e1nsk\u00fdch L\u00e1zn\u00edch je mo\u017enost zap\u016fj\u010dit ly\u017ee a snowboard od 400 K\u010d \/ den \u2013 objedn\u00e1vka pouze p\u0159es email a nejm\u00e9n\u011b 4 dny p\u0159ed p\u0159\u00edjezdem, pouze pro ubytovan\u00e9 hosty<\/p>\n\n\n\n<p><br>BIG TAXI<\/p>\n\n\n\n<div class=\"wp-block-columns is-layout-flex wp-container-core-columns-is-layout-9d6595d7 wp-block-columns-is-layout-flex\">\n<div class=\"wp-block-column is-layout-flow wp-block-column-is-layout-flow\">\n<figure class=\"wp-block-image size-large\"><a href=\"https:\/\/www.topapartmany.cz\/wp-content\/uploads\/2024\/08\/big-taxi.png\" target=\"_blank\" rel=\"noreferrer noopener\"><img loading=\"lazy\" decoding=\"async\" width=\"700\" height=\"467\" src=\"https:\/\/www.topapartmany.cz\/wp-content\/uploads\/2024\/08\/big-taxi-700x467.png\" alt=\"\" class=\"wp-image-445\" srcset=\"https:\/\/www.topapartmany.cz\/wp-content\/uploads\/2024\/08\/big-taxi-700x467.png 700w, https:\/\/www.topapartmany.cz\/wp-content\/uploads\/2024\/08\/big-taxi-300x200.png 300w, https:\/\/www.topapartmany.cz\/wp-content\/uploads\/2024\/08\/big-taxi-768x512.png 768w, https:\/\/www.topapartmany.cz\/wp-content\/uploads\/2024\/08\/big-taxi-1140x760.png 1140w, https:\/\/www.topapartmany.cz\/wp-content\/uploads\/2024\/08\/big-taxi.png 1369w\" sizes=\"auto, (max-width: 700px) 100vw, 700px\" \/><\/a><\/figure>\n<\/div>\n\n\n\n<div class=\"wp-block-column is-layout-flow wp-block-column-is-layout-flow\">\n<figure class=\"wp-block-image size-full\"><a href=\"https:\/\/www.topapartmany.cz\/wp-content\/uploads\/2024\/08\/BT-logo.jpg\" target=\"_blank\" rel=\"noreferrer noopener\"><img loading=\"lazy\" decoding=\"async\" width=\"502\" height=\"335\" src=\"https:\/\/www.topapartmany.cz\/wp-content\/uploads\/2024\/08\/BT-logo.jpg\" alt=\"\" class=\"wp-image-446\" srcset=\"https:\/\/www.topapartmany.cz\/wp-content\/uploads\/2024\/08\/BT-logo.jpg 502w, https:\/\/www.topapartmany.cz\/wp-content\/uploads\/2024\/08\/BT-logo-300x200.jpg 300w\" sizes=\"auto, (max-width: 502px) 100vw, 502px\" \/><\/a><\/figure>\n<\/div>\n\n\n\n<div class=\"wp-block-column is-layout-flow wp-block-column-is-layout-flow\">\n<figure class=\"wp-block-image size-full\"><a href=\"https:\/\/www.topapartmany.cz\/wp-content\/uploads\/2024\/08\/242371070_334371145145290_7459687190201196469_n.jpg\" target=\"_blank\" rel=\"noreferrer noopener\"><img loading=\"lazy\" decoding=\"async\" width=\"640\" height=\"427\" src=\"https:\/\/www.topapartmany.cz\/wp-content\/uploads\/2024\/08\/242371070_334371145145290_7459687190201196469_n.jpg\" alt=\"\" class=\"wp-image-447\" srcset=\"https:\/\/www.topapartmany.cz\/wp-content\/uploads\/2024\/08\/242371070_334371145145290_7459687190201196469_n.jpg 640w, https:\/\/www.topapartmany.cz\/wp-content\/uploads\/2024\/08\/242371070_334371145145290_7459687190201196469_n-300x200.jpg 300w\" sizes=\"auto, (max-width: 640px) 100vw, 640px\" \/><\/a><\/figure>\n<\/div>\n<\/div>\n\n\n\n<ul class=\"wp-block-list\">\n<li>nab\u00edz\u00edme p\u0159epravu v\u00edcem\u00edstn\u00fdmi velkokapacitn\u00edmi taxi v Praze a Mari\u00e1nsk\u00fdch l\u00e1zn\u00edch<\/li>\n\n\n\n<li>pro skupiny 5, 6, 7, 8 + 1 osob<\/li>\n\n\n\n<li>ji\u017e 10 let s v\u00e1mi<\/li>\n<\/ul>\n","protected":false},"excerpt":{"rendered":"<p>Ve\u013ek\u00e1 Lomnica Mari\u00e1nsk\u00e9 L\u00e1zn\u011b Praha 2 osoby \/ noc od 99 \u20ac od 990 K\u010d od 990 K\u010d dal\u0161\u00ed osoba \/ noc 20 \u20ac 400 K\u010d 400 K\u010d Silvestr 2 osoby \/ noc od 109 \u20ac od 1400 K\u010d od 1900 K\u010d \u00faklid apartm\u00e1nu 50 \u20ac 500 K\u010d 500-700 K\u010d Rezervovat nyn\u00ed Rezervovat nyn\u00ed Rezervovat nyn\u00ed V Praze a Mari\u00e1nsk\u00fdch L\u00e1zn\u00edch je mo\u017enost zap\u016fj\u010den\u00ed kolob\u011b\u017eky nebo kola od 200 K\u010d \/ den \u2013 objedn\u00e1vka pouze p\u0159es email a nejm\u00e9n\u011b 4 dny p\u0159ed p\u0159\u00edjezdem, pouze pro ubytovan\u00e9 hostyV Mari\u00e1nsk\u00fdch L\u00e1zn\u00edch je mo\u017enost zap\u016fj\u010dit ly\u017ee a snowboard od 400 K\u010d \/ den \u2013 objedn\u00e1vka pouze p\u0159es email a nejm\u00e9n\u011b 4 dny p\u0159ed p\u0159\u00edjezdem, pouze pro ubytovan\u00e9 hosty BIG TAXI<\/p>\n","protected":false},"author":2,"featured_media":0,"parent":0,"menu_order":0,"comment_status":"closed","ping_status":"closed","template":"","meta":{"footnotes":""},"class_list":["post-176","page","type-page","status-publish","hentry"],"_links":{"self":[{"href":"https:\/\/www.topapartmany.cz\/index.php?rest_route=\/wp\/v2\/pages\/176","targetHints":{"allow":["GET"]}}],"collection":[{"href":"https:\/\/www.topapartmany.cz\/index.php?rest_route=\/wp\/v2\/pages"}],"about":[{"href":"https:\/\/www.topapartmany.cz\/index.php?rest_route=\/wp\/v2\/types\/page"}],"author":[{"embeddable":true,"href":"https:\/\/www.topapartmany.cz\/index.php?rest_route=\/wp\/v2\/users\/2"}],"replies":[{"embeddable":true,"href":"https:\/\/www.topapartmany.cz\/index.php?rest_route=%2Fwp%2Fv2%2Fcomments&post=176"}],"version-history":[{"count":8,"href":"https:\/\/www.topapartmany.cz\/index.php?rest_route=\/wp\/v2\/pages\/176\/revisions"}],"predecessor-version":[{"id":467,"href":"https:\/\/www.topapartmany.cz\/index.php?rest_route=\/wp\/v2\/pages\/176\/revisions\/467"}],"wp:attachment":[{"href":"https:\/\/www.topapartmany.cz\/index.php?rest_route=%2Fwp%2Fv2%2Fmedia&parent=176"}],"curies":[{"name":"wp","href":"https:\/\/api.w.org\/{rel}","templated":true}]}}