{"id":181,"date":"2023-02-22T15:52:02","date_gmt":"2023-02-22T15:52:02","guid":{"rendered":"http:\/\/www.topapartmany.cz\/?page_id=181"},"modified":"2023-05-03T13:12:48","modified_gmt":"2023-05-03T13:12:48","slug":"pobytove-balicky","status":"publish","type":"page","link":"https:\/\/www.topapartmany.cz\/?page_id=181","title":{"rendered":"Pobytov\u00e9 bal\u00ed\u010dky"},"content":{"rendered":"","protected":false},"excerpt":{"rendered":"","protected":false},"author":2,"featured_media":0,"parent":0,"menu_order":0,"comment_status":"closed","ping_status":"closed","template":"","meta":{"footnotes":""},"class_list":["post-181","page","type-page","status-publish","hentry"],"_links":{"self":[{"href":"https:\/\/www.topapartmany.cz\/index.php?rest_route=\/wp\/v2\/pages\/181","targetHints":{"allow":["GET"]}}],"collection":[{"href":"https:\/\/www.topapartmany.cz\/index.php?rest_route=\/wp\/v2\/pages"}],"about":[{"href":"https:\/\/www.topapartmany.cz\/index.php?rest_route=\/wp\/v2\/types\/page"}],"author":[{"embeddable":true,"href":"https:\/\/www.topapartmany.cz\/index.php?rest_route=\/wp\/v2\/users\/2"}],"replies":[{"embeddable":true,"href":"https:\/\/www.topapartmany.cz\/index.php?rest_route=%2Fwp%2Fv2%2Fcomments&post=181"}],"version-history":[{"count":3,"href":"https:\/\/www.topapartmany.cz\/index.php?rest_route=\/wp\/v2\/pages\/181\/revisions"}],"predecessor-version":[{"id":406,"href":"https:\/\/www.topapartmany.cz\/index.php?rest_route=\/wp\/v2\/pages\/181\/revisions\/406"}],"wp:attachment":[{"href":"https:\/\/www.topapartmany.cz\/index.php?rest_route=%2Fwp%2Fv2%2Fmedia&parent=181"}],"curies":[{"name":"wp","href":"https:\/\/api.w.org\/{rel}","templated":true}]}}