{"id":247,"date":"2023-03-12T16:18:31","date_gmt":"2023-03-12T16:18:31","guid":{"rendered":"http:\/\/www.topapartmany.cz\/?page_id=247"},"modified":"2023-05-26T15:53:46","modified_gmt":"2023-05-26T15:53:46","slug":"rekreace-a-sport-praha","status":"publish","type":"page","link":"https:\/\/www.topapartmany.cz\/?page_id=247","title":{"rendered":"Rekreace a sport Praha"},"content":{"rendered":"\n<div class=\"wp-block-columns is-layout-flex wp-container-core-columns-is-layout-9d6595d7 wp-block-columns-is-layout-flex\">\n<div class=\"wp-block-column is-layout-flow wp-block-column-is-layout-flow\">\n<figure class=\"wp-block-image size-large\"><img loading=\"lazy\" decoding=\"async\" width=\"700\" height=\"467\" src=\"http:\/\/www.topapartmany.cz\/wp-content\/uploads\/2023\/04\/Bobova-draha-700x467.jpg\" alt=\"\" class=\"wp-image-379\" srcset=\"https:\/\/www.topapartmany.cz\/wp-content\/uploads\/2023\/04\/Bobova-draha-700x467.jpg 700w, https:\/\/www.topapartmany.cz\/wp-content\/uploads\/2023\/04\/Bobova-draha-300x200.jpg 300w, https:\/\/www.topapartmany.cz\/wp-content\/uploads\/2023\/04\/Bobova-draha-768x512.jpg 768w, https:\/\/www.topapartmany.cz\/wp-content\/uploads\/2023\/04\/Bobova-draha-1536x1024.jpg 1536w, https:\/\/www.topapartmany.cz\/wp-content\/uploads\/2023\/04\/Bobova-draha-2048x1365.jpg 2048w, https:\/\/www.topapartmany.cz\/wp-content\/uploads\/2023\/04\/Bobova-draha-1140x760.jpg 1140w\" sizes=\"auto, (max-width: 700px) 100vw, 700px\" \/><\/figure>\n<\/div>\n\n\n\n<div class=\"wp-block-column is-layout-flow wp-block-column-is-layout-flow\">\n<p class=\"has-small-font-size\"><strong>Bobov\u00e1 dr\u00e1ha<\/strong><\/p>\n\n\n\n<p class=\"has-small-font-size\">Bobov\u00e1 dr\u00e1ha je pro v\u00e1s otev\u0159ena ka\u017ed\u00fd den 10 &#8211; 22 hodin.<\/p>\n\n\n\n<p class=\"has-small-font-size\"><strong>GPS:<\/strong>&nbsp; 50\u00b06&#8217;51.994&#8243;N, 14\u00b029&#8217;21.446&#8243;E<br><a href=\"http:\/\/www.bobovadraha.cz\/\">http:\/\/www.bobovadraha.cz\/<\/a><\/p>\n<\/div>\n<\/div>\n\n\n\n<div class=\"wp-block-columns is-layout-flex wp-container-core-columns-is-layout-9d6595d7 wp-block-columns-is-layout-flex\">\n<div class=\"wp-block-column is-layout-flow wp-block-column-is-layout-flow\">\n<p class=\"has-small-font-size\"><strong>Motok\u00e1ry<\/strong><\/p>\n\n\n\n<p class=\"has-small-font-size\">Od pond\u011bl\u00ed do p\u00e1tku od 14ti do 24 hodin a v sobotu a ned\u011bli ji\u017e od 10ti do 24 hodin<\/p>\n\n\n\n<p class=\"has-small-font-size\"><strong>GPS:<\/strong>&nbsp; 50\u00b08&#8217;12.89&#8243;N; 14\u00b031&#8217;5.16&#8243;E<br><a href=\"http:\/\/www.motokary.com\/\">http:\/\/www.motokary.com\/<\/a><\/p>\n<\/div>\n\n\n\n<div class=\"wp-block-column is-layout-flow wp-block-column-is-layout-flow\">\n<figure class=\"wp-block-image size-large\"><img loading=\"lazy\" decoding=\"async\" width=\"700\" height=\"467\" src=\"http:\/\/www.topapartmany.cz\/wp-content\/uploads\/2023\/04\/Motokary-700x467.jpg\" alt=\"\" class=\"wp-image-378\" srcset=\"https:\/\/www.topapartmany.cz\/wp-content\/uploads\/2023\/04\/Motokary-700x467.jpg 700w, https:\/\/www.topapartmany.cz\/wp-content\/uploads\/2023\/04\/Motokary-300x200.jpg 300w, https:\/\/www.topapartmany.cz\/wp-content\/uploads\/2023\/04\/Motokary-768x512.jpg 768w, https:\/\/www.topapartmany.cz\/wp-content\/uploads\/2023\/04\/Motokary-1536x1024.jpg 1536w, https:\/\/www.topapartmany.cz\/wp-content\/uploads\/2023\/04\/Motokary-2048x1365.jpg 2048w, https:\/\/www.topapartmany.cz\/wp-content\/uploads\/2023\/04\/Motokary-1140x760.jpg 1140w\" sizes=\"auto, (max-width: 700px) 100vw, 700px\" \/><\/figure>\n<\/div>\n<\/div>\n\n\n\n<div class=\"wp-block-columns is-layout-flex wp-container-core-columns-is-layout-9d6595d7 wp-block-columns-is-layout-flex\">\n<div class=\"wp-block-column is-layout-flow wp-block-column-is-layout-flow\">\n<figure class=\"wp-block-image size-large\"><img loading=\"lazy\" decoding=\"async\" width=\"700\" height=\"467\" src=\"http:\/\/www.topapartmany.cz\/wp-content\/uploads\/2023\/04\/AQUAPALACE-PRAHA-700x467.jpg\" alt=\"\" class=\"wp-image-377\" srcset=\"https:\/\/www.topapartmany.cz\/wp-content\/uploads\/2023\/04\/AQUAPALACE-PRAHA-700x467.jpg 700w, https:\/\/www.topapartmany.cz\/wp-content\/uploads\/2023\/04\/AQUAPALACE-PRAHA-300x200.jpg 300w, https:\/\/www.topapartmany.cz\/wp-content\/uploads\/2023\/04\/AQUAPALACE-PRAHA-768x512.jpg 768w, https:\/\/www.topapartmany.cz\/wp-content\/uploads\/2023\/04\/AQUAPALACE-PRAHA-1536x1024.jpg 1536w, https:\/\/www.topapartmany.cz\/wp-content\/uploads\/2023\/04\/AQUAPALACE-PRAHA-2048x1365.jpg 2048w, https:\/\/www.topapartmany.cz\/wp-content\/uploads\/2023\/04\/AQUAPALACE-PRAHA-1140x760.jpg 1140w\" sizes=\"auto, (max-width: 700px) 100vw, 700px\" \/><\/figure>\n<\/div>\n\n\n\n<div class=\"wp-block-column is-layout-flow wp-block-column-is-layout-flow\">\n<p class=\"has-small-font-size\"><strong>Aquapalace Praha<\/strong><\/p>\n\n\n\n<p class=\"has-small-font-size\">Aquapark nab\u00edz\u00ed vy\u017eit\u00ed a relaxaci ve t\u0159ech vodn\u00edch pal\u00e1c\u00edch, sv\u011bt\u011b saun, spa a fitness centrech<\/p>\n\n\n\n<p class=\"has-small-font-size\"><strong>GPS:<\/strong>&nbsp; 50\u00b00&#8217;26.983&#8220;N, 14\u00b034&#8217;17.727&#8220;E<br><a href=\"http:\/\/www.aquapalace.cz\/\">http:\/\/www.aquapalace.cz\/<\/a><\/p>\n<\/div>\n<\/div>\n\n\n\n<div class=\"wp-block-columns is-layout-flex wp-container-core-columns-is-layout-9d6595d7 wp-block-columns-is-layout-flex\">\n<div class=\"wp-block-column is-layout-flow wp-block-column-is-layout-flow\">\n<p class=\"has-small-font-size\"><strong>ZOO Praha<\/strong><\/p>\n\n\n\n<p class=\"has-small-font-size\">Zoologick\u00e1 zahrada m\u00e1 rozlohu 60 ha, z toho 50 ha \u010din\u00ed expozice. Proj\u00edt se m\u016f\u017eete po 10 km cest<\/p>\n\n\n\n<p class=\"has-small-font-size\"><strong>GPS:<\/strong>&nbsp; 50\u00b07&#8217;0.099&#8243;N, 14\u00b024&#8217;39.676&#8243;E<br><a rel=\"noreferrer noopener\" href=\"http:\/\/www.zoopraha.cz\/\" target=\"_blank\">www.zoopraha.cz<\/a><\/p>\n<\/div>\n\n\n\n<div class=\"wp-block-column is-layout-flow wp-block-column-is-layout-flow\">\n<figure class=\"wp-block-image size-large\"><img loading=\"lazy\" decoding=\"async\" width=\"700\" height=\"467\" src=\"http:\/\/www.topapartmany.cz\/wp-content\/uploads\/2023\/04\/ZOO-Praha-700x467.jpg\" alt=\"\" class=\"wp-image-376\" srcset=\"https:\/\/www.topapartmany.cz\/wp-content\/uploads\/2023\/04\/ZOO-Praha-700x467.jpg 700w, https:\/\/www.topapartmany.cz\/wp-content\/uploads\/2023\/04\/ZOO-Praha-300x200.jpg 300w, https:\/\/www.topapartmany.cz\/wp-content\/uploads\/2023\/04\/ZOO-Praha-768x512.jpg 768w, https:\/\/www.topapartmany.cz\/wp-content\/uploads\/2023\/04\/ZOO-Praha-1536x1024.jpg 1536w, https:\/\/www.topapartmany.cz\/wp-content\/uploads\/2023\/04\/ZOO-Praha-2048x1365.jpg 2048w, https:\/\/www.topapartmany.cz\/wp-content\/uploads\/2023\/04\/ZOO-Praha-1140x760.jpg 1140w\" sizes=\"auto, (max-width: 700px) 100vw, 700px\" \/><\/figure>\n<\/div>\n<\/div>\n\n\n\n<div class=\"wp-block-columns is-layout-flex wp-container-core-columns-is-layout-9d6595d7 wp-block-columns-is-layout-flex\">\n<div class=\"wp-block-column is-layout-flow wp-block-column-is-layout-flow\">\n<figure class=\"wp-block-image size-large\"><img loading=\"lazy\" decoding=\"async\" width=\"700\" height=\"467\" src=\"http:\/\/www.topapartmany.cz\/wp-content\/uploads\/2023\/04\/Bazen-Sokol-Kralovske-Vinohrady.jpg-700x467.jpg\" alt=\"\" class=\"wp-image-380\" srcset=\"https:\/\/www.topapartmany.cz\/wp-content\/uploads\/2023\/04\/Bazen-Sokol-Kralovske-Vinohrady.jpg-700x467.jpg 700w, https:\/\/www.topapartmany.cz\/wp-content\/uploads\/2023\/04\/Bazen-Sokol-Kralovske-Vinohrady.jpg-300x200.jpg 300w, https:\/\/www.topapartmany.cz\/wp-content\/uploads\/2023\/04\/Bazen-Sokol-Kralovske-Vinohrady.jpg-768x512.jpg 768w, https:\/\/www.topapartmany.cz\/wp-content\/uploads\/2023\/04\/Bazen-Sokol-Kralovske-Vinohrady.jpg-1536x1024.jpg 1536w, https:\/\/www.topapartmany.cz\/wp-content\/uploads\/2023\/04\/Bazen-Sokol-Kralovske-Vinohrady.jpg-2048x1365.jpg 2048w, https:\/\/www.topapartmany.cz\/wp-content\/uploads\/2023\/04\/Bazen-Sokol-Kralovske-Vinohrady.jpg-1140x760.jpg 1140w\" sizes=\"auto, (max-width: 700px) 100vw, 700px\" \/><\/figure>\n<\/div>\n\n\n\n<div class=\"wp-block-column is-layout-flow wp-block-column-is-layout-flow\">\n<p class=\"has-small-font-size\"><strong>Baz\u00e9n &#8211;&nbsp; Sokol Kr\u00e1lovsk\u00e9 Vinohrady<\/strong><\/p>\n\n\n\n<p class=\"has-small-font-size\">rozm\u011bry baz\u00e9nu 25 x 10 m , hloubka baz\u00e9nu 1,2 &#8211; 2,5m,&nbsp; teplota vody 27 stup\u0148\u016f<\/p>\n\n\n\n<p class=\"has-small-font-size\"><strong>GPS:<\/strong>&nbsp; 50\u00b04&#8217;43.868&#8243;N, 14\u00b026&#8217;32.279&#8243;E<br><a href=\"http:\/\/www.sokolvinohrady.cz\/bazen\">http:\/\/www.sokolvinohrady.cz\/bazen<\/a><\/p>\n<\/div>\n<\/div>\n","protected":false},"excerpt":{"rendered":"<p>Bobov\u00e1 dr\u00e1ha Bobov\u00e1 dr\u00e1ha je pro v\u00e1s otev\u0159ena ka\u017ed\u00fd den 10 &#8211; 22 hodin. GPS:&nbsp; 50\u00b06&#8217;51.994&#8243;N, 14\u00b029&#8217;21.446&#8243;Ehttp:\/\/www.bobovadraha.cz\/ Motok\u00e1ry Od pond\u011bl\u00ed do p\u00e1tku od 14ti do 24 hodin a v sobotu a ned\u011bli ji\u017e od 10ti do 24 hodin GPS:&nbsp; 50\u00b08&#8217;12.89&#8243;N; 14\u00b031&#8217;5.16&#8243;Ehttp:\/\/www.motokary.com\/ Aquapalace Praha Aquapark nab\u00edz\u00ed vy\u017eit\u00ed a relaxaci ve t\u0159ech vodn\u00edch pal\u00e1c\u00edch, sv\u011bt\u011b saun, spa a fitness centrech GPS:&nbsp; 50\u00b00&#8217;26.983&#8220;N, 14\u00b034&#8217;17.727&#8220;Ehttp:\/\/www.aquapalace.cz\/ ZOO Praha Zoologick\u00e1 zahrada m\u00e1 rozlohu 60 ha, z toho 50 ha \u010din\u00ed expozice. Proj\u00edt se m\u016f\u017eete po 10 km cest GPS:&nbsp; 50\u00b07&#8217;0.099&#8243;N, 14\u00b024&#8217;39.676&#8243;Ewww.zoopraha.cz Baz\u00e9n &#8211;&nbsp; Sokol Kr\u00e1lovsk\u00e9 Vinohrady rozm\u011bry baz\u00e9nu 25 x 10 m , hloubka baz\u00e9nu 1,2 &#8211; 2,5m,&nbsp; teplota vody 27 stup\u0148\u016f GPS:&nbsp; 50\u00b04&#8217;43.868&#8243;N, 14\u00b026&#8217;32.279&#8243;Ehttp:\/\/www.sokolvinohrady.cz\/bazen<\/p>\n","protected":false},"author":2,"featured_media":0,"parent":0,"menu_order":0,"comment_status":"closed","ping_status":"closed","template":"","meta":{"footnotes":""},"class_list":["post-247","page","type-page","status-publish","hentry"],"_links":{"self":[{"href":"https:\/\/www.topapartmany.cz\/index.php?rest_route=\/wp\/v2\/pages\/247","targetHints":{"allow":["GET"]}}],"collection":[{"href":"https:\/\/www.topapartmany.cz\/index.php?rest_route=\/wp\/v2\/pages"}],"about":[{"href":"https:\/\/www.topapartmany.cz\/index.php?rest_route=\/wp\/v2\/types\/page"}],"author":[{"embeddable":true,"href":"https:\/\/www.topapartmany.cz\/index.php?rest_route=\/wp\/v2\/users\/2"}],"replies":[{"embeddable":true,"href":"https:\/\/www.topapartmany.cz\/index.php?rest_route=%2Fwp%2Fv2%2Fcomments&post=247"}],"version-history":[{"count":7,"href":"https:\/\/www.topapartmany.cz\/index.php?rest_route=\/wp\/v2\/pages\/247\/revisions"}],"predecessor-version":[{"id":433,"href":"https:\/\/www.topapartmany.cz\/index.php?rest_route=\/wp\/v2\/pages\/247\/revisions\/433"}],"wp:attachment":[{"href":"https:\/\/www.topapartmany.cz\/index.php?rest_route=%2Fwp%2Fv2%2Fmedia&parent=247"}],"curies":[{"name":"wp","href":"https:\/\/api.w.org\/{rel}","templated":true}]}}