{"id":259,"date":"2023-03-12T16:31:26","date_gmt":"2023-03-12T16:31:26","guid":{"rendered":"http:\/\/www.topapartmany.cz\/?page_id=259"},"modified":"2023-05-26T15:53:12","modified_gmt":"2023-05-26T15:53:12","slug":"rekreace-a-sport-marianske-lazne","status":"publish","type":"page","link":"https:\/\/www.topapartmany.cz\/?page_id=259","title":{"rendered":"Rekreace a sport Mari\u00e1nsk\u00e9 L\u00e1zn\u011b"},"content":{"rendered":"\n<div class=\"wp-block-columns is-layout-flex wp-container-core-columns-is-layout-9d6595d7 wp-block-columns-is-layout-flex\">\n<div class=\"wp-block-column is-layout-flow wp-block-column-is-layout-flow\">\n<figure class=\"wp-block-image size-large\"><img loading=\"lazy\" decoding=\"async\" width=\"700\" height=\"467\" src=\"http:\/\/www.topapartmany.cz\/wp-content\/uploads\/2023\/04\/Park-BOHEMIUM-700x467.jpg\" alt=\"\" class=\"wp-image-357\" srcset=\"https:\/\/www.topapartmany.cz\/wp-content\/uploads\/2023\/04\/Park-BOHEMIUM-700x467.jpg 700w, https:\/\/www.topapartmany.cz\/wp-content\/uploads\/2023\/04\/Park-BOHEMIUM-300x200.jpg 300w, https:\/\/www.topapartmany.cz\/wp-content\/uploads\/2023\/04\/Park-BOHEMIUM-768x512.jpg 768w, https:\/\/www.topapartmany.cz\/wp-content\/uploads\/2023\/04\/Park-BOHEMIUM-1536x1024.jpg 1536w, https:\/\/www.topapartmany.cz\/wp-content\/uploads\/2023\/04\/Park-BOHEMIUM-2048x1365.jpg 2048w, https:\/\/www.topapartmany.cz\/wp-content\/uploads\/2023\/04\/Park-BOHEMIUM-1140x760.jpg 1140w\" sizes=\"auto, (max-width: 700px) 100vw, 700px\" \/><\/figure>\n<\/div>\n\n\n\n<div class=\"wp-block-column is-layout-flow wp-block-column-is-layout-flow\">\n<p class=\"has-small-font-size\"><strong>Park BOHEMIUM<\/strong><\/p>\n\n\n\n<p class=\"has-small-font-size\">Nau\u010dn\u011b pozn\u00e1vac\u00ed okruh s dokonal\u00fdmi miniaturami (1:25) v\u00fdznamn\u00fdch stavebn\u00edch a technick\u00fdch pam\u00e1tek \u010cesk\u00e9 republiky.<\/p>\n\n\n\n<p class=\"has-small-font-size\"><strong>Vzd\u00e1lenost od apartm\u00e1nu:<\/strong>&nbsp;3 km<br><strong>Poloha:<\/strong>&nbsp;49\u00b058&#8217;19.104&#8243;N, 12\u00b043&#8217;13.682&#8243;E<\/p>\n<\/div>\n<\/div>\n\n\n\n<div class=\"wp-block-columns is-layout-flex wp-container-core-columns-is-layout-9d6595d7 wp-block-columns-is-layout-flex\">\n<div class=\"wp-block-column is-layout-flow wp-block-column-is-layout-flow\">\n<p class=\"has-small-font-size\"><strong>Slavkovsk\u00fd les<\/strong><\/p>\n\n\n\n<p class=\"has-small-font-size\">\u00dazem\u00ed chr\u00e1n\u011bn\u00e9 krajinn\u00e9 oblasti o rozloze 610 km \u010dtvere\u010dn\u00edch je osobit\u00fdm krajinn\u00fdm celkem. V\u00fdznamnou sou\u010d\u00e1st\u00ed Slavkovsk\u00e9ho lesa jsou rozs\u00e1hl\u00e1 ra\u0161elini\u0161t\u011b vrchovi\u0161tn\u00edho typu, kter\u00e1 s lesn\u00edmi prameny vytv\u00e1\u0159\u00ed ohromn\u00fd p\u0159\u00edrodn\u00ed rezervo\u00e1r vody, p\u0159\u00edzniv\u011b ovliv\u0148uj\u00edc\u00ed vodn\u00ed re\u017eim z\u00e1pado\u010desk\u00e9 l\u00e1ze\u0148sk\u00e9 oblasti.<\/p>\n\n\n\n<p class=\"has-small-font-size\"><strong>Vzd\u00e1lenost od apartm\u00e1nu:<\/strong>&nbsp;300m<br><strong>Poloha:<\/strong>&nbsp;50\u00b001\u00b4- 50\u00b040\u00b4N, 12\u00b039\u00b4- 12\u00b051\u00b4E<\/p>\n<\/div>\n\n\n\n<div class=\"wp-block-column is-layout-flow wp-block-column-is-layout-flow\">\n<figure class=\"wp-block-image size-large\"><img loading=\"lazy\" decoding=\"async\" width=\"700\" height=\"467\" src=\"http:\/\/www.topapartmany.cz\/wp-content\/uploads\/2023\/04\/Slavkovsky-les-700x467.jpg\" alt=\"\" class=\"wp-image-356\" srcset=\"https:\/\/www.topapartmany.cz\/wp-content\/uploads\/2023\/04\/Slavkovsky-les-700x467.jpg 700w, https:\/\/www.topapartmany.cz\/wp-content\/uploads\/2023\/04\/Slavkovsky-les-300x200.jpg 300w, https:\/\/www.topapartmany.cz\/wp-content\/uploads\/2023\/04\/Slavkovsky-les-768x512.jpg 768w, https:\/\/www.topapartmany.cz\/wp-content\/uploads\/2023\/04\/Slavkovsky-les-1536x1024.jpg 1536w, https:\/\/www.topapartmany.cz\/wp-content\/uploads\/2023\/04\/Slavkovsky-les-2048x1365.jpg 2048w, https:\/\/www.topapartmany.cz\/wp-content\/uploads\/2023\/04\/Slavkovsky-les-1140x760.jpg 1140w\" sizes=\"auto, (max-width: 700px) 100vw, 700px\" \/><\/figure>\n<\/div>\n<\/div>\n\n\n\n<div class=\"wp-block-columns is-layout-flex wp-container-core-columns-is-layout-9d6595d7 wp-block-columns-is-layout-flex\">\n<div class=\"wp-block-column is-layout-flow wp-block-column-is-layout-flow\">\n<figure class=\"wp-block-image size-large\"><img loading=\"lazy\" decoding=\"async\" width=\"700\" height=\"467\" src=\"http:\/\/www.topapartmany.cz\/wp-content\/uploads\/2023\/04\/geopark-700x467.jpg\" alt=\"\" class=\"wp-image-355\" srcset=\"https:\/\/www.topapartmany.cz\/wp-content\/uploads\/2023\/04\/geopark-700x467.jpg 700w, https:\/\/www.topapartmany.cz\/wp-content\/uploads\/2023\/04\/geopark-300x200.jpg 300w, https:\/\/www.topapartmany.cz\/wp-content\/uploads\/2023\/04\/geopark-768x512.jpg 768w, https:\/\/www.topapartmany.cz\/wp-content\/uploads\/2023\/04\/geopark-1536x1024.jpg 1536w, https:\/\/www.topapartmany.cz\/wp-content\/uploads\/2023\/04\/geopark-2048x1365.jpg 2048w, https:\/\/www.topapartmany.cz\/wp-content\/uploads\/2023\/04\/geopark-1140x760.jpg 1140w\" sizes=\"auto, (max-width: 700px) 100vw, 700px\" \/><\/figure>\n<\/div>\n\n\n\n<div class=\"wp-block-column is-layout-flow wp-block-column-is-layout-flow\">\n<p class=\"has-small-font-size\"><strong>Nau\u010dn\u00e1 stezka geologick\u00fdm parkem<\/strong><\/p>\n\n\n\n<p class=\"has-small-font-size\">Nau\u010dn\u00e1 stezka na okraji l\u00e1ze\u0148sk\u00e9ho m\u011bsta nab\u00edz\u00ed p\u0159ehled o geologick\u00e9 stavb\u011b a rostlinn\u00fdch spole\u010denstv\u00edch Slavkovsk\u00e9ho lesa. Stezka se nach\u00e1z\u00ed ve svahu bukov\u00e9ho lesa nad budovou M\u011bstsk\u00e9ho muzea. Prov\u00e1z\u00ed expozic\u00ed ve voln\u00e9 p\u0159\u00edrod\u011b ve svahu lesoparku, kam byly um\u00edst\u011bny zn\u00e1m\u00e9 i vz\u00e1cn\u011b se vyskytuj\u00edc\u00ed horniny z vybran\u00fdch lokalit Slavkovsk\u00e9ho lesa. Rostliny, byliny a ke\u0159e jsou vybr\u00e1ny tak, aby odpov\u00eddaly skute\u010dn\u00e9mu v\u00fdskytu ve vazb\u011b na geologick\u00fd podklad a p\u016fdn\u00ed podm\u00ednky v m\u00edst\u011b odb\u011bru hornin. Na t\u00e9m\u011b\u0159 10 ha a p\u0159ibli\u017en\u011b 1,5 km lesn\u00edch p\u011b\u0161in se tedy m\u016f\u017eete sezn\u00e1mit s geologickou histori\u00ed Karlovarsk\u00e9ho kraje.<\/p>\n\n\n\n<p class=\"has-small-font-size\"><strong>Vzd\u00e1lenost od apartm\u00e1nu:<\/strong>&nbsp;10m<br><strong>Poloha:&nbsp;<\/strong>49\u00b058&#8217;40.921&#8243;N, 12\u00b042&#8217;28.862&#8243;E<\/p>\n<\/div>\n<\/div>\n\n\n\n<div class=\"wp-block-columns is-layout-flex wp-container-core-columns-is-layout-9d6595d7 wp-block-columns-is-layout-flex\">\n<div class=\"wp-block-column is-layout-flow wp-block-column-is-layout-flow\">\n<p class=\"has-small-font-size\"><strong>Baz\u00e9n<\/strong><\/p>\n\n\n\n<p class=\"has-small-font-size\">Kryt\u00fd plaveck\u00fd baz\u00e9n nab\u00edz\u00ed plaveck\u00fd baz\u00e9n 25 metr\u016f a d\u011btsk\u00fd baz\u00e9n. Z dal\u0161\u00edch slu\u017eeb lze potom vyu\u017e\u00edt oh\u0159\u00edv\u00e1rnu, v\u00ed\u0159ivky, kade\u0159nictv\u00ed, mas\u00e1\u017ee a bar.<\/p>\n\n\n\n<p class=\"has-small-font-size\"><strong>Vzd\u00e1lenost od apartm\u00e1nu:<\/strong>&nbsp;2,4 km<br><strong>Poloha:<\/strong>&nbsp;49\u00b058&#8217;1.611&#8243;N, 12\u00b041&#8217;55.501&#8243;E<\/p>\n<\/div>\n\n\n\n<div class=\"wp-block-column is-layout-flow wp-block-column-is-layout-flow\">\n<figure class=\"wp-block-image size-large\"><img loading=\"lazy\" decoding=\"async\" width=\"700\" height=\"467\" src=\"http:\/\/www.topapartmany.cz\/wp-content\/uploads\/2023\/04\/Bazen-700x467.jpg\" alt=\"\" class=\"wp-image-354\" srcset=\"https:\/\/www.topapartmany.cz\/wp-content\/uploads\/2023\/04\/Bazen-700x467.jpg 700w, https:\/\/www.topapartmany.cz\/wp-content\/uploads\/2023\/04\/Bazen-300x200.jpg 300w, https:\/\/www.topapartmany.cz\/wp-content\/uploads\/2023\/04\/Bazen-768x512.jpg 768w, https:\/\/www.topapartmany.cz\/wp-content\/uploads\/2023\/04\/Bazen-1536x1024.jpg 1536w, https:\/\/www.topapartmany.cz\/wp-content\/uploads\/2023\/04\/Bazen-2048x1365.jpg 2048w, https:\/\/www.topapartmany.cz\/wp-content\/uploads\/2023\/04\/Bazen-1140x760.jpg 1140w\" sizes=\"auto, (max-width: 700px) 100vw, 700px\" \/><\/figure>\n<\/div>\n<\/div>\n\n\n\n<div class=\"wp-block-columns is-layout-flex wp-container-core-columns-is-layout-9d6595d7 wp-block-columns-is-layout-flex\">\n<div class=\"wp-block-column is-layout-flow wp-block-column-is-layout-flow\">\n<figure class=\"wp-block-image size-large\"><img loading=\"lazy\" decoding=\"async\" width=\"700\" height=\"467\" src=\"http:\/\/www.topapartmany.cz\/wp-content\/uploads\/2023\/04\/Royal-Golf-Club-Marianske-Lazne-700x467.jpg\" alt=\"\" class=\"wp-image-353\" srcset=\"https:\/\/www.topapartmany.cz\/wp-content\/uploads\/2023\/04\/Royal-Golf-Club-Marianske-Lazne-700x467.jpg 700w, https:\/\/www.topapartmany.cz\/wp-content\/uploads\/2023\/04\/Royal-Golf-Club-Marianske-Lazne-300x200.jpg 300w, https:\/\/www.topapartmany.cz\/wp-content\/uploads\/2023\/04\/Royal-Golf-Club-Marianske-Lazne-768x512.jpg 768w, https:\/\/www.topapartmany.cz\/wp-content\/uploads\/2023\/04\/Royal-Golf-Club-Marianske-Lazne-1536x1024.jpg 1536w, https:\/\/www.topapartmany.cz\/wp-content\/uploads\/2023\/04\/Royal-Golf-Club-Marianske-Lazne-2048x1365.jpg 2048w, https:\/\/www.topapartmany.cz\/wp-content\/uploads\/2023\/04\/Royal-Golf-Club-Marianske-Lazne-1140x760.jpg 1140w\" sizes=\"auto, (max-width: 700px) 100vw, 700px\" \/><\/figure>\n<\/div>\n\n\n\n<div class=\"wp-block-column is-layout-flow wp-block-column-is-layout-flow\">\n<p class=\"has-small-font-size\"><strong>Royal Golf Club Mari\u00e1nsk\u00e9 L\u00e1zn\u011b<\/strong><\/p>\n\n\n\n<p class=\"has-small-font-size\">Jedno z nejkr\u00e1sn\u011bj\u0161\u00edch golfov\u00fdch h\u0159i\u0161\u0165 v Evrop\u011b, zalo\u017een\u00e9 v roce 1905 anglick\u00fdm kr\u00e1lem Edwardem VII.<\/p>\n\n\n\n<p class=\"has-small-font-size\"><strong>Vzd\u00e1lenost od apartm\u00e1nu:<\/strong>&nbsp;2,6 km<br><strong>Poloha:<\/strong>&nbsp;49\u00b058&#8217;44.912&#8243;N, 12\u00b044&#8217;10.952&#8243;E<\/p>\n<\/div>\n<\/div>\n\n\n\n<div class=\"wp-block-columns is-layout-flex wp-container-core-columns-is-layout-9d6595d7 wp-block-columns-is-layout-flex\">\n<div class=\"wp-block-column is-layout-flow wp-block-column-is-layout-flow\">\n<p class=\"has-small-font-size\"><strong>Zimn\u00ed are\u00e1l Mari\u00e1nsk\u00e9 L\u00e1zn\u011b<\/strong><\/p>\n\n\n\n<p class=\"has-small-font-size\">Skiareal Mari\u00e1nsk\u00e9 L\u00e1zn\u011b nab\u00edz\u00ed kvalitn\u00ed ly\u017ea\u0159sk\u00e9 ter\u00e9ny n\u011bkolika stup\u0148\u016f obt\u00ed\u017enosti. D\u00e9lka sjezdov\u00fdch trat\u00ed v are\u00e1lu je 1450 metr\u016f. K doprav\u011b ly\u017ea\u0159\u016f slou\u017e\u00ed lanov\u00e1 dr\u00e1ha a dva modern\u00ed ly\u017ea\u0159sk\u00e9 vleky s celkovou kapacitou 2500 osob\/hod. Denn\u00ed provozn\u00ed doba are\u00e1lu je od 9,00 &#8211; 16,00 hodin a ve\u010dern\u00ed ly\u017eov\u00e1n\u00ed od 18,00 &#8211; 21,00 hodin. Sjezdov\u00e9 trat\u011b jsou upravov\u00e1ny modern\u00edm strojem Kassbohrer PB 280DW v\u010detn\u011b \u00fapravy trat\u011b p\u0159ed ve\u010dern\u00edm ly\u017eov\u00e1n\u00edm.Pestr\u00fd je v\u00fdb\u011br \u010dasov\u00fdch j\u00edzdenek od p\u016fldenn\u00edch, denn\u00edch po v\u00edcedenn\u00ed v\u010detn\u011b v\u00fdrazn\u00fdch slev pro skupiny a ly\u017ea\u0159sk\u00e9 v\u00fdcviky.K dispozici je skibar, skip\u016fj\u010dovna, skiservis, soci\u00e1ln\u00ed z\u00e1zem\u00ed a parkovac\u00ed plochy. V r\u00e1mci are\u00e1lu funguje ly\u017ea\u0159sk\u00e1 a snowboardov\u00e1 \u0161kola.<\/p>\n\n\n\n<p class=\"has-small-font-size\"><strong>Vzd\u00e1lenost od apartm\u00e1nu:<\/strong>&nbsp;500 m<br><strong>Poloha:<\/strong>&nbsp;49\u00b058&#8217;26.611&#8243;N, 12\u00b042&#8217;46.237&#8243;E<\/p>\n<\/div>\n\n\n\n<div class=\"wp-block-column is-layout-flow wp-block-column-is-layout-flow\">\n<figure class=\"wp-block-image size-large\"><img loading=\"lazy\" decoding=\"async\" width=\"700\" height=\"467\" src=\"http:\/\/www.topapartmany.cz\/wp-content\/uploads\/2023\/04\/Zimni-areal-Marianske-Lazne-700x467.jpg\" alt=\"\" class=\"wp-image-349\" srcset=\"https:\/\/www.topapartmany.cz\/wp-content\/uploads\/2023\/04\/Zimni-areal-Marianske-Lazne-700x467.jpg 700w, https:\/\/www.topapartmany.cz\/wp-content\/uploads\/2023\/04\/Zimni-areal-Marianske-Lazne-300x200.jpg 300w, https:\/\/www.topapartmany.cz\/wp-content\/uploads\/2023\/04\/Zimni-areal-Marianske-Lazne-768x512.jpg 768w, https:\/\/www.topapartmany.cz\/wp-content\/uploads\/2023\/04\/Zimni-areal-Marianske-Lazne-1536x1024.jpg 1536w, https:\/\/www.topapartmany.cz\/wp-content\/uploads\/2023\/04\/Zimni-areal-Marianske-Lazne-2048x1365.jpg 2048w, https:\/\/www.topapartmany.cz\/wp-content\/uploads\/2023\/04\/Zimni-areal-Marianske-Lazne-1140x760.jpg 1140w\" sizes=\"auto, (max-width: 700px) 100vw, 700px\" \/><\/figure>\n<\/div>\n<\/div>\n\n\n\n<div class=\"wp-block-columns is-layout-flex wp-container-core-columns-is-layout-9d6595d7 wp-block-columns-is-layout-flex\">\n<div class=\"wp-block-column is-layout-flow wp-block-column-is-layout-flow\">\n<figure class=\"wp-block-image size-large\"><img loading=\"lazy\" decoding=\"async\" width=\"700\" height=\"467\" src=\"http:\/\/www.topapartmany.cz\/wp-content\/uploads\/2023\/04\/Nordic-walking-700x467.jpg\" alt=\"\" class=\"wp-image-351\" srcset=\"https:\/\/www.topapartmany.cz\/wp-content\/uploads\/2023\/04\/Nordic-walking-700x467.jpg 700w, https:\/\/www.topapartmany.cz\/wp-content\/uploads\/2023\/04\/Nordic-walking-300x200.jpg 300w, https:\/\/www.topapartmany.cz\/wp-content\/uploads\/2023\/04\/Nordic-walking-768x512.jpg 768w, https:\/\/www.topapartmany.cz\/wp-content\/uploads\/2023\/04\/Nordic-walking-1536x1024.jpg 1536w, https:\/\/www.topapartmany.cz\/wp-content\/uploads\/2023\/04\/Nordic-walking-2048x1365.jpg 2048w, https:\/\/www.topapartmany.cz\/wp-content\/uploads\/2023\/04\/Nordic-walking-1140x760.jpg 1140w\" sizes=\"auto, (max-width: 700px) 100vw, 700px\" \/><\/figure>\n<\/div>\n\n\n\n<div class=\"wp-block-column is-layout-flow wp-block-column-is-layout-flow\">\n<p class=\"has-small-font-size\"><strong>Nordic walking<\/strong><\/p>\n\n\n\n<p class=\"has-small-font-size\">Nordic Walking je sportem, kter\u00fd vznikl v roce 1997 ve Finsku. V sou\u010dasn\u00e9 dob\u011b zaznamen\u00e1v\u00e1 obrovsk\u00fd rozmach a v seversk\u00fdch i alpsk\u00fdch zem\u00edch Evropy se sportovn\u00ed ch\u016fzi se speci\u00e1ln\u00edmi nordic walking holemi v\u011bnuj\u00ed miliony aktivn\u00edch sportovc\u016f v\u0161ech v\u011bkov\u00fdch kategori\u00ed.<\/p>\n<\/div>\n<\/div>\n\n\n\n<p><\/p>\n","protected":false},"excerpt":{"rendered":"<p>Park BOHEMIUM Nau\u010dn\u011b pozn\u00e1vac\u00ed okruh s dokonal\u00fdmi miniaturami (1:25) v\u00fdznamn\u00fdch stavebn\u00edch a technick\u00fdch pam\u00e1tek \u010cesk\u00e9 republiky. Vzd\u00e1lenost od apartm\u00e1nu:&nbsp;3 kmPoloha:&nbsp;49\u00b058&#8217;19.104&#8243;N, 12\u00b043&#8217;13.682&#8243;E Slavkovsk\u00fd les \u00dazem\u00ed chr\u00e1n\u011bn\u00e9 krajinn\u00e9 oblasti o rozloze 610 km \u010dtvere\u010dn\u00edch je osobit\u00fdm krajinn\u00fdm celkem. V\u00fdznamnou sou\u010d\u00e1st\u00ed Slavkovsk\u00e9ho lesa jsou rozs\u00e1hl\u00e1 ra\u0161elini\u0161t\u011b vrchovi\u0161tn\u00edho typu, kter\u00e1 s lesn\u00edmi prameny vytv\u00e1\u0159\u00ed ohromn\u00fd p\u0159\u00edrodn\u00ed rezervo\u00e1r vody, p\u0159\u00edzniv\u011b ovliv\u0148uj\u00edc\u00ed vodn\u00ed re\u017eim z\u00e1pado\u010desk\u00e9 l\u00e1ze\u0148sk\u00e9 oblasti. Vzd\u00e1lenost od apartm\u00e1nu:&nbsp;300mPoloha:&nbsp;50\u00b001\u00b4- 50\u00b040\u00b4N, 12\u00b039\u00b4- 12\u00b051\u00b4E Nau\u010dn\u00e1 stezka geologick\u00fdm parkem Nau\u010dn\u00e1 stezka na okraji l\u00e1ze\u0148sk\u00e9ho m\u011bsta nab\u00edz\u00ed p\u0159ehled o geologick\u00e9 stavb\u011b a rostlinn\u00fdch spole\u010denstv\u00edch Slavkovsk\u00e9ho lesa. Stezka se nach\u00e1z\u00ed ve svahu bukov\u00e9ho lesa nad budovou M\u011bstsk\u00e9ho muzea. Prov\u00e1z\u00ed expozic\u00ed ve voln\u00e9 p\u0159\u00edrod\u011b ve svahu lesoparku, kam byly um\u00edst\u011bny zn\u00e1m\u00e9 i vz\u00e1cn\u011b se vyskytuj\u00edc\u00ed horniny z vybran\u00fdch lokalit Slavkovsk\u00e9ho lesa. Rostliny, byliny a ke\u0159e jsou vybr\u00e1ny tak, aby odpov\u00eddaly skute\u010dn\u00e9mu v\u00fdskytu ve vazb\u011b na geologick\u00fd podklad a p\u016fdn\u00ed podm\u00ednky v m\u00edst\u011b odb\u011bru hornin. Na t\u00e9m\u011b\u0159 10 ha a p\u0159ibli\u017en\u011b 1,5 km lesn\u00edch p\u011b\u0161in se tedy m\u016f\u017eete sezn\u00e1mit s geologickou histori\u00ed Karlovarsk\u00e9ho kraje. Vzd\u00e1lenost od apartm\u00e1nu:&nbsp;10mPoloha:&nbsp;49\u00b058&#8217;40.921&#8243;N, 12\u00b042&#8217;28.862&#8243;E Baz\u00e9n Kryt\u00fd plaveck\u00fd baz\u00e9n nab\u00edz\u00ed plaveck\u00fd baz\u00e9n 25 metr\u016f a d\u011btsk\u00fd baz\u00e9n. Z dal\u0161\u00edch slu\u017eeb lze potom vyu\u017e\u00edt oh\u0159\u00edv\u00e1rnu, v\u00ed\u0159ivky, kade\u0159nictv\u00ed, mas\u00e1\u017ee a bar. Vzd\u00e1lenost od apartm\u00e1nu:&nbsp;2,4 kmPoloha:&nbsp;49\u00b058&#8217;1.611&#8243;N, 12\u00b041&#8217;55.501&#8243;E Royal Golf Club Mari\u00e1nsk\u00e9 L\u00e1zn\u011b Jedno z nejkr\u00e1sn\u011bj\u0161\u00edch golfov\u00fdch h\u0159i\u0161\u0165 v Evrop\u011b, zalo\u017een\u00e9 v roce 1905 anglick\u00fdm kr\u00e1lem Edwardem VII. Vzd\u00e1lenost od apartm\u00e1nu:&nbsp;2,6 kmPoloha:&nbsp;49\u00b058&#8217;44.912&#8243;N, 12\u00b044&#8217;10.952&#8243;E Zimn\u00ed are\u00e1l Mari\u00e1nsk\u00e9 L\u00e1zn\u011b Skiareal Mari\u00e1nsk\u00e9 L\u00e1zn\u011b nab\u00edz\u00ed kvalitn\u00ed ly\u017ea\u0159sk\u00e9 ter\u00e9ny n\u011bkolika stup\u0148\u016f obt\u00ed\u017enosti. D\u00e9lka sjezdov\u00fdch trat\u00ed v are\u00e1lu je 1450 metr\u016f. K doprav\u011b ly\u017ea\u0159\u016f slou\u017e\u00ed lanov\u00e1 dr\u00e1ha a dva modern\u00ed ly\u017ea\u0159sk\u00e9 vleky s celkovou kapacitou 2500 osob\/hod. Denn\u00ed provozn\u00ed doba are\u00e1lu je od 9,00 &#8211; 16,00 hodin a ve\u010dern\u00ed ly\u017eov\u00e1n\u00ed od 18,00 &#8211; 21,00 hodin. Sjezdov\u00e9 trat\u011b jsou upravov\u00e1ny modern\u00edm strojem Kassbohrer PB 280DW v\u010detn\u011b \u00fapravy trat\u011b p\u0159ed ve\u010dern\u00edm ly\u017eov\u00e1n\u00edm.Pestr\u00fd je v\u00fdb\u011br \u010dasov\u00fdch j\u00edzdenek od p\u016fldenn\u00edch, denn\u00edch po v\u00edcedenn\u00ed v\u010detn\u011b v\u00fdrazn\u00fdch slev pro skupiny a ly\u017ea\u0159sk\u00e9 v\u00fdcviky.K dispozici je skibar, skip\u016fj\u010dovna, skiservis, soci\u00e1ln\u00ed z\u00e1zem\u00ed a parkovac\u00ed plochy. V r\u00e1mci are\u00e1lu funguje ly\u017ea\u0159sk\u00e1 a snowboardov\u00e1 \u0161kola. Vzd\u00e1lenost od apartm\u00e1nu:&nbsp;500 mPoloha:&nbsp;49\u00b058&#8217;26.611&#8243;N, 12\u00b042&#8217;46.237&#8243;E Nordic walking Nordic Walking je sportem, kter\u00fd vznikl v roce 1997 ve Finsku. V sou\u010dasn\u00e9 dob\u011b zaznamen\u00e1v\u00e1 obrovsk\u00fd rozmach a v seversk\u00fdch i alpsk\u00fdch zem\u00edch Evropy se sportovn\u00ed ch\u016fzi se speci\u00e1ln\u00edmi nordic walking holemi v\u011bnuj\u00ed miliony aktivn\u00edch sportovc\u016f v\u0161ech v\u011bkov\u00fdch kategori\u00ed.<\/p>\n","protected":false},"author":2,"featured_media":0,"parent":0,"menu_order":0,"comment_status":"closed","ping_status":"closed","template":"","meta":{"footnotes":""},"class_list":["post-259","page","type-page","status-publish","hentry"],"_links":{"self":[{"href":"https:\/\/www.topapartmany.cz\/index.php?rest_route=\/wp\/v2\/pages\/259","targetHints":{"allow":["GET"]}}],"collection":[{"href":"https:\/\/www.topapartmany.cz\/index.php?rest_route=\/wp\/v2\/pages"}],"about":[{"href":"https:\/\/www.topapartmany.cz\/index.php?rest_route=\/wp\/v2\/types\/page"}],"author":[{"embeddable":true,"href":"https:\/\/www.topapartmany.cz\/index.php?rest_route=\/wp\/v2\/users\/2"}],"replies":[{"embeddable":true,"href":"https:\/\/www.topapartmany.cz\/index.php?rest_route=%2Fwp%2Fv2%2Fcomments&post=259"}],"version-history":[{"count":15,"href":"https:\/\/www.topapartmany.cz\/index.php?rest_route=\/wp\/v2\/pages\/259\/revisions"}],"predecessor-version":[{"id":432,"href":"https:\/\/www.topapartmany.cz\/index.php?rest_route=\/wp\/v2\/pages\/259\/revisions\/432"}],"wp:attachment":[{"href":"https:\/\/www.topapartmany.cz\/index.php?rest_route=%2Fwp%2Fv2%2Fmedia&parent=259"}],"curies":[{"name":"wp","href":"https:\/\/api.w.org\/{rel}","templated":true}]}}