{"id":277,"date":"2023-03-12T16:46:16","date_gmt":"2023-03-12T16:46:16","guid":{"rendered":"http:\/\/www.topapartmany.cz\/?page_id=277"},"modified":"2023-04-29T08:46:48","modified_gmt":"2023-04-29T08:46:48","slug":"rekreace-a-sport-velka-lomnica","status":"publish","type":"page","link":"https:\/\/www.topapartmany.cz\/?page_id=277","title":{"rendered":"Rekreace a sport Ve\u013ek\u00e1 Lomnica"},"content":{"rendered":"\n<div class=\"wp-block-columns is-layout-flex wp-container-core-columns-is-layout-9d6595d7 wp-block-columns-is-layout-flex\">\n<div class=\"wp-block-column is-layout-flow wp-block-column-is-layout-flow\">\n<figure class=\"wp-block-image size-large\"><img loading=\"lazy\" decoding=\"async\" width=\"700\" height=\"467\" src=\"http:\/\/www.topapartmany.cz\/wp-content\/uploads\/2023\/04\/Golf-Black-Stork-700x467.jpg\" alt=\"\" class=\"wp-image-393\" srcset=\"https:\/\/www.topapartmany.cz\/wp-content\/uploads\/2023\/04\/Golf-Black-Stork-700x467.jpg 700w, https:\/\/www.topapartmany.cz\/wp-content\/uploads\/2023\/04\/Golf-Black-Stork-300x200.jpg 300w, https:\/\/www.topapartmany.cz\/wp-content\/uploads\/2023\/04\/Golf-Black-Stork-768x512.jpg 768w, https:\/\/www.topapartmany.cz\/wp-content\/uploads\/2023\/04\/Golf-Black-Stork-1536x1024.jpg 1536w, https:\/\/www.topapartmany.cz\/wp-content\/uploads\/2023\/04\/Golf-Black-Stork-2048x1365.jpg 2048w, https:\/\/www.topapartmany.cz\/wp-content\/uploads\/2023\/04\/Golf-Black-Stork-1140x760.jpg 1140w\" sizes=\"auto, (max-width: 700px) 100vw, 700px\" \/><\/figure>\n<\/div>\n\n\n\n<div class=\"wp-block-column is-layout-flow wp-block-column-is-layout-flow\">\n<p class=\"has-small-font-size\"><strong>Golf Black Stork<\/strong><\/p>\n\n\n\n<p class=\"has-small-font-size\">Hr\u00e1\u010d\u016fm nab\u00edz\u00edme hru v kr\u00e1sn\u00e9m prost\u0159ed\u00ed na 27 jamk\u00e1ch s kompletn\u00fdm z\u00e1zem\u00edm &#8211; 3 mo\u017en\u00e9 kombinace18 jamkov\u00fdch h\u0159i\u0161\u0165 (International Course, Panorama Course a Village Course). Tak\u00e9 jsou p\u0159ipraven\u00e9 tr\u00e9ningov\u00e9 plochy \u2013 driving range, chipping green, putting green a 3 PAR akad\u00e9mia.<\/p>\n\n\n\n<p class=\"has-small-font-size\"><strong>GPS:<\/strong>&nbsp;49\u00b08&#8217;12.998&#8243;N, 20\u00b020&#8217;22.999&#8243;E<br><a rel=\"noreferrer noopener\" href=\"http:\/\/www.golftatry.sk\/\" target=\"_blank\">http:\/\/www.golftatry.sk\/<\/a><\/p>\n<\/div>\n<\/div>\n\n\n\n<div class=\"wp-block-columns is-layout-flex wp-container-core-columns-is-layout-9d6595d7 wp-block-columns-is-layout-flex\">\n<div class=\"wp-block-column is-layout-flow wp-block-column-is-layout-flow\">\n<p class=\"has-small-font-size\"><strong>Aquapark Poprad<\/strong><\/p>\n\n\n\n<p class=\"has-small-font-size\">Objevte vodn\u00ed pod Vysokymi Tatrami&nbsp; &#8211; aquapark AquaCity Poprad, 13 term\u00e1ln\u00edch a relaxa\u010dn\u00fdch baz\u00e9n\u016f, tobogany, modern\u00ed wellness. Z dal\u0161\u00edch slu\u017eeb lze potom vyu\u017e\u00edt&nbsp; kade\u0159nictv\u00ed, mas\u00e1\u017ee a bar.<\/p>\n\n\n\n<p class=\"has-small-font-size\">GPS: 49\u00b03&#8217;40.320&#8243;N, 20\u00b018&#8217;33.841&#8243;E<br><a rel=\"noreferrer noopener\" href=\"http:\/\/www.aquacityresort.com\/\" target=\"_blank\">http:\/\/www.aquacityresort.com\/<\/a><\/p>\n<\/div>\n\n\n\n<div class=\"wp-block-column is-layout-flow wp-block-column-is-layout-flow\">\n<figure class=\"wp-block-image size-large\"><img loading=\"lazy\" decoding=\"async\" width=\"700\" height=\"467\" src=\"http:\/\/www.topapartmany.cz\/wp-content\/uploads\/2023\/04\/Aquapark-Poprad.jpg-1-700x467.webp\" alt=\"\" class=\"wp-image-394\" srcset=\"https:\/\/www.topapartmany.cz\/wp-content\/uploads\/2023\/04\/Aquapark-Poprad.jpg-1-700x467.webp 700w, https:\/\/www.topapartmany.cz\/wp-content\/uploads\/2023\/04\/Aquapark-Poprad.jpg-1-300x200.webp 300w, https:\/\/www.topapartmany.cz\/wp-content\/uploads\/2023\/04\/Aquapark-Poprad.jpg-1-768x512.webp 768w, https:\/\/www.topapartmany.cz\/wp-content\/uploads\/2023\/04\/Aquapark-Poprad.jpg-1-1536x1024.webp 1536w, https:\/\/www.topapartmany.cz\/wp-content\/uploads\/2023\/04\/Aquapark-Poprad.jpg-1-2048x1365.webp 2048w, https:\/\/www.topapartmany.cz\/wp-content\/uploads\/2023\/04\/Aquapark-Poprad.jpg-1-1140x760.webp 1140w\" sizes=\"auto, (max-width: 700px) 100vw, 700px\" \/><\/figure>\n<\/div>\n<\/div>\n\n\n\n<div class=\"wp-block-columns is-layout-flex wp-container-core-columns-is-layout-9d6595d7 wp-block-columns-is-layout-flex\">\n<div class=\"wp-block-column is-layout-flow wp-block-column-is-layout-flow\">\n<figure class=\"wp-block-image size-large\"><img loading=\"lazy\" decoding=\"async\" width=\"700\" height=\"467\" src=\"http:\/\/www.topapartmany.cz\/wp-content\/uploads\/2023\/04\/Horske-kolobezky-1-700x467.jpg\" alt=\"\" class=\"wp-image-395\" srcset=\"https:\/\/www.topapartmany.cz\/wp-content\/uploads\/2023\/04\/Horske-kolobezky-1-700x467.jpg 700w, https:\/\/www.topapartmany.cz\/wp-content\/uploads\/2023\/04\/Horske-kolobezky-1-300x200.jpg 300w, https:\/\/www.topapartmany.cz\/wp-content\/uploads\/2023\/04\/Horske-kolobezky-1-768x512.jpg 768w, https:\/\/www.topapartmany.cz\/wp-content\/uploads\/2023\/04\/Horske-kolobezky-1-1536x1024.jpg 1536w, https:\/\/www.topapartmany.cz\/wp-content\/uploads\/2023\/04\/Horske-kolobezky-1-2048x1365.jpg 2048w, https:\/\/www.topapartmany.cz\/wp-content\/uploads\/2023\/04\/Horske-kolobezky-1-1140x760.jpg 1140w\" sizes=\"auto, (max-width: 700px) 100vw, 700px\" \/><\/figure>\n<\/div>\n\n\n\n<div class=\"wp-block-column is-layout-flow wp-block-column-is-layout-flow\">\n<p class=\"has-small-font-size\"><strong>Horsk\u00e9 kolobe\u017eky<\/strong><\/p>\n\n\n\n<p class=\"has-small-font-size\">2,7 km dlouh\u00fd&nbsp; zjezd z Hrebienka do Star\u00e9ho Smokovca po asfaltov\u00e9 horsk\u00e9 cest\u011b je v\u00fdborn\u00fd adrenal\u00ednov\u00fd z\u00e1\u017eitek pro celou rodinu<\/p>\n\n\n\n<p class=\"has-small-font-size\"><strong>GPS:<\/strong>&nbsp;49\u00b09&#8217;31.320&#8243;N, 20\u00b013&#8217;25.573&#8243;E<\/p>\n<\/div>\n<\/div>\n\n\n\n<div class=\"wp-block-columns is-layout-flex wp-container-core-columns-is-layout-9d6595d7 wp-block-columns-is-layout-flex\">\n<div class=\"wp-block-column is-layout-flow wp-block-column-is-layout-flow\">\n<p class=\"has-small-font-size\"><strong>Ly\u017eiarske stredisko Tatransk\u00e1 Lomnica<\/strong><a rel=\"noreferrer noopener\" href=\"http:\/\/topapartmany.cz\/images\/relaxace_a_sport\/T-Lomnica_Skimapa.jpg\" target=\"_blank\"><\/a><\/p>\n\n\n\n<p class=\"has-small-font-size\">Tatransk\u00e1 Lomnica se nach\u00e1z\u00ed na \u00fapat\u00ed Lomnick\u00e9ho \u0161t\u00edtu.. Z v\u00fd\u0161ky 2196 m n.m. ly\u017eujete p\u0159es Lomnick\u00e9 sedlo 5,5 km dlohou sjezdovkou do Tatranskej Lomnice.<\/p>\n\n\n\n<p class=\"has-small-font-size\"><strong>GPS:<\/strong>&nbsp;49\u00b09&#8217;57.384&#8243;N, 20\u00b016&#8217;6.853&#8243;E<br><a rel=\"noreferrer noopener\" href=\"http:\/\/www.vt.sk\/hory-a-dovolenka\/lyzovacka\/tatranska-lomnica\/\" target=\"_blank\">http:\/\/www.vt.sk\/hory-a-dovolenka\/lyzovacka\/tatranska-lomnica\/<\/a><\/p>\n<\/div>\n\n\n\n<div class=\"wp-block-column is-layout-flow wp-block-column-is-layout-flow\">\n<figure class=\"wp-block-image size-large\"><img loading=\"lazy\" decoding=\"async\" width=\"700\" height=\"467\" src=\"http:\/\/www.topapartmany.cz\/wp-content\/uploads\/2023\/04\/Lyziarske-stredisko-Tatranska-Lomnica-1-700x467.jpg\" alt=\"\" class=\"wp-image-396\" srcset=\"https:\/\/www.topapartmany.cz\/wp-content\/uploads\/2023\/04\/Lyziarske-stredisko-Tatranska-Lomnica-1-700x467.jpg 700w, https:\/\/www.topapartmany.cz\/wp-content\/uploads\/2023\/04\/Lyziarske-stredisko-Tatranska-Lomnica-1-300x200.jpg 300w, https:\/\/www.topapartmany.cz\/wp-content\/uploads\/2023\/04\/Lyziarske-stredisko-Tatranska-Lomnica-1-768x512.jpg 768w, https:\/\/www.topapartmany.cz\/wp-content\/uploads\/2023\/04\/Lyziarske-stredisko-Tatranska-Lomnica-1-1536x1024.jpg 1536w, https:\/\/www.topapartmany.cz\/wp-content\/uploads\/2023\/04\/Lyziarske-stredisko-Tatranska-Lomnica-1-2048x1365.jpg 2048w, https:\/\/www.topapartmany.cz\/wp-content\/uploads\/2023\/04\/Lyziarske-stredisko-Tatranska-Lomnica-1-1140x760.jpg 1140w\" sizes=\"auto, (max-width: 700px) 100vw, 700px\" \/><\/figure>\n<\/div>\n<\/div>\n\n\n\n<div class=\"wp-block-columns is-layout-flex wp-container-core-columns-is-layout-9d6595d7 wp-block-columns-is-layout-flex\">\n<div class=\"wp-block-column is-layout-flow wp-block-column-is-layout-flow\">\n<figure class=\"wp-block-image size-large\"><img loading=\"lazy\" decoding=\"async\" width=\"700\" height=\"467\" src=\"http:\/\/www.topapartmany.cz\/wp-content\/uploads\/2023\/04\/Tatranska-cyklomagistrala-1-700x467.jpg\" alt=\"\" class=\"wp-image-397\" srcset=\"https:\/\/www.topapartmany.cz\/wp-content\/uploads\/2023\/04\/Tatranska-cyklomagistrala-1-700x467.jpg 700w, https:\/\/www.topapartmany.cz\/wp-content\/uploads\/2023\/04\/Tatranska-cyklomagistrala-1-300x200.jpg 300w, https:\/\/www.topapartmany.cz\/wp-content\/uploads\/2023\/04\/Tatranska-cyklomagistrala-1-768x512.jpg 768w, https:\/\/www.topapartmany.cz\/wp-content\/uploads\/2023\/04\/Tatranska-cyklomagistrala-1-1536x1024.jpg 1536w, https:\/\/www.topapartmany.cz\/wp-content\/uploads\/2023\/04\/Tatranska-cyklomagistrala-1-2048x1365.jpg 2048w, https:\/\/www.topapartmany.cz\/wp-content\/uploads\/2023\/04\/Tatranska-cyklomagistrala-1-1140x760.jpg 1140w\" sizes=\"auto, (max-width: 700px) 100vw, 700px\" \/><\/figure>\n<\/div>\n\n\n\n<div class=\"wp-block-column is-layout-flow wp-block-column-is-layout-flow\">\n<p class=\"has-small-font-size\"><strong>Tatransk\u00e1 cyklomagistr\u00e1la<\/strong><\/p>\n\n\n\n<p class=\"has-small-font-size\">&nbsp;Pat\u0159\u00edte k cyklist\u016fm, pro kter\u00e9 je ka\u017ed\u00e1 j\u00edzda v\u00fdzvou? Pak je n\u00e1v\u0161t\u011bva V\u00fdchodn\u00edch Vysok\u00fdch Tater pro v\u00e1s to prav\u00e9. Najdete zde mnoho v\u00edce \u010di m\u00e9n\u011b n\u00e1ro\u010dn\u00fdch cyklotras, kter\u00e9 v\u00e1s provedou t\u00edmto mohutn\u00fdm poho\u0159\u00edm.&nbsp; Cyklostezka Tich\u00e1 a Koprov\u00e1 dolina m\u00e1 m\u00edrn\u00e9 stoup\u00e1n\u00ed a uvid\u00edte na n\u00ed p\u0159\u00edrodn\u00ed kr\u00e1sy Z\u00e1padn\u00edch a V\u00fdchodn\u00edch Vysok\u00fdch Tater. Cyklostezka cestou Slobody zase spojuje dv\u011b v\u00fdznamn\u00e1 turistick\u00e1 centra &#8211; Liptovsk\u00fd Hr\u00e1dok a Ke\u017emarok. Na jej\u00ed trase projdete v\u0161echna zn\u00e1m\u00e1 st\u0159ediska, jako nap\u0159. \u0160trbsk\u00e9 Pleso, Star\u00fd Smokovec a Tatransk\u00e1 Lomnica.<\/p>\n<\/div>\n<\/div>\n","protected":false},"excerpt":{"rendered":"<p>Golf Black Stork Hr\u00e1\u010d\u016fm nab\u00edz\u00edme hru v kr\u00e1sn\u00e9m prost\u0159ed\u00ed na 27 jamk\u00e1ch s kompletn\u00fdm z\u00e1zem\u00edm &#8211; 3 mo\u017en\u00e9 kombinace18 jamkov\u00fdch h\u0159i\u0161\u0165 (International Course, Panorama Course a Village Course). Tak\u00e9 jsou p\u0159ipraven\u00e9 tr\u00e9ningov\u00e9 plochy \u2013 driving range, chipping green, putting green a 3 PAR akad\u00e9mia. GPS:&nbsp;49\u00b08&#8217;12.998&#8243;N, 20\u00b020&#8217;22.999&#8243;Ehttp:\/\/www.golftatry.sk\/ Aquapark Poprad Objevte vodn\u00ed pod Vysokymi Tatrami&nbsp; &#8211; aquapark AquaCity Poprad, 13 term\u00e1ln\u00edch a relaxa\u010dn\u00fdch baz\u00e9n\u016f, tobogany, modern\u00ed wellness. Z dal\u0161\u00edch slu\u017eeb lze potom vyu\u017e\u00edt&nbsp; kade\u0159nictv\u00ed, mas\u00e1\u017ee a bar. GPS: 49\u00b03&#8217;40.320&#8243;N, 20\u00b018&#8217;33.841&#8243;Ehttp:\/\/www.aquacityresort.com\/ Horsk\u00e9 kolobe\u017eky 2,7 km dlouh\u00fd&nbsp; zjezd z Hrebienka do Star\u00e9ho Smokovca po asfaltov\u00e9 horsk\u00e9 cest\u011b je v\u00fdborn\u00fd adrenal\u00ednov\u00fd z\u00e1\u017eitek pro celou rodinu GPS:&nbsp;49\u00b09&#8217;31.320&#8243;N, 20\u00b013&#8217;25.573&#8243;E Ly\u017eiarske stredisko Tatransk\u00e1 Lomnica Tatransk\u00e1 Lomnica se nach\u00e1z\u00ed na \u00fapat\u00ed Lomnick\u00e9ho \u0161t\u00edtu.. Z v\u00fd\u0161ky 2196 m n.m. ly\u017eujete p\u0159es Lomnick\u00e9 sedlo 5,5 km dlohou sjezdovkou do Tatranskej Lomnice. GPS:&nbsp;49\u00b09&#8217;57.384&#8243;N, 20\u00b016&#8217;6.853&#8243;Ehttp:\/\/www.vt.sk\/hory-a-dovolenka\/lyzovacka\/tatranska-lomnica\/ Tatransk\u00e1 cyklomagistr\u00e1la &nbsp;Pat\u0159\u00edte k cyklist\u016fm, pro kter\u00e9 je ka\u017ed\u00e1 j\u00edzda v\u00fdzvou? Pak je n\u00e1v\u0161t\u011bva V\u00fdchodn\u00edch Vysok\u00fdch Tater pro v\u00e1s to prav\u00e9. Najdete zde mnoho v\u00edce \u010di m\u00e9n\u011b n\u00e1ro\u010dn\u00fdch cyklotras, kter\u00e9 v\u00e1s provedou t\u00edmto mohutn\u00fdm poho\u0159\u00edm.&nbsp; Cyklostezka Tich\u00e1 a Koprov\u00e1 dolina m\u00e1 m\u00edrn\u00e9 stoup\u00e1n\u00ed a uvid\u00edte na n\u00ed p\u0159\u00edrodn\u00ed kr\u00e1sy Z\u00e1padn\u00edch a V\u00fdchodn\u00edch Vysok\u00fdch Tater. Cyklostezka cestou Slobody zase spojuje dv\u011b v\u00fdznamn\u00e1 turistick\u00e1 centra &#8211; Liptovsk\u00fd Hr\u00e1dok a Ke\u017emarok. Na jej\u00ed trase projdete v\u0161echna zn\u00e1m\u00e1 st\u0159ediska, jako nap\u0159. \u0160trbsk\u00e9 Pleso, Star\u00fd Smokovec a Tatransk\u00e1 Lomnica.<\/p>\n","protected":false},"author":2,"featured_media":0,"parent":0,"menu_order":0,"comment_status":"closed","ping_status":"closed","template":"","meta":{"footnotes":""},"class_list":["post-277","page","type-page","status-publish","hentry"],"_links":{"self":[{"href":"https:\/\/www.topapartmany.cz\/index.php?rest_route=\/wp\/v2\/pages\/277","targetHints":{"allow":["GET"]}}],"collection":[{"href":"https:\/\/www.topapartmany.cz\/index.php?rest_route=\/wp\/v2\/pages"}],"about":[{"href":"https:\/\/www.topapartmany.cz\/index.php?rest_route=\/wp\/v2\/types\/page"}],"author":[{"embeddable":true,"href":"https:\/\/www.topapartmany.cz\/index.php?rest_route=\/wp\/v2\/users\/2"}],"replies":[{"embeddable":true,"href":"https:\/\/www.topapartmany.cz\/index.php?rest_route=%2Fwp%2Fv2%2Fcomments&post=277"}],"version-history":[{"count":3,"href":"https:\/\/www.topapartmany.cz\/index.php?rest_route=\/wp\/v2\/pages\/277\/revisions"}],"predecessor-version":[{"id":398,"href":"https:\/\/www.topapartmany.cz\/index.php?rest_route=\/wp\/v2\/pages\/277\/revisions\/398"}],"wp:attachment":[{"href":"https:\/\/www.topapartmany.cz\/index.php?rest_route=%2Fwp%2Fv2%2Fmedia&parent=277"}],"curies":[{"name":"wp","href":"https:\/\/api.w.org\/{rel}","templated":true}]}}