{"id":68,"date":"2023-01-14T09:19:40","date_gmt":"2023-01-14T09:19:40","guid":{"rendered":"http:\/\/www.topapartmany.cz\/?page_id=68"},"modified":"2024-10-22T15:12:00","modified_gmt":"2024-10-22T15:12:00","slug":"velka-lomnica","status":"publish","type":"page","link":"https:\/\/www.topapartmany.cz\/?page_id=68","title":{"rendered":"Ve\u013ek\u00e1 Lomnica"},"content":{"rendered":"\n<p>Nab\u00edz\u00edme V\u00e1m luxusn\u00ed ubytov\u00e1n\u00ed v apartm\u00e1nu s n\u00e1dhern\u00fdm v\u00fdhledem na Vysok\u00e9 Tatry, kter\u00fd je zam\u011b\u0159en na rodinu s d\u011btmi a je zcela bezbari\u00e9rov\u00fd nebo si zde m\u016f\u017eete p\u0159ijet jenom odpo\u010dinout a zahr\u00e1t golf.<\/p>\n\n\n\n<p>Apartm\u00e1n je sou\u010d\u00e1st\u00ed apartm\u00e1nov\u00e9ho domu ve Ve\u013ek\u00e9 Lomnici, kter\u00fd le\u017e\u00ed v bl\u00edzkosti Vysok\u00fdch Tater a kousek od golfov\u00e9ho st\u0159ediska Black Stork. K dispozici je recepce po cel\u00fdch 24 hodin, kter\u00e1 je V\u00e1m pln\u011b k dispozici a kde si tak\u00e9 m\u016f\u017eete objednat sn\u00eddan\u011b a dal\u0161\u00ed slu\u017eby. V komplexu je multifunk\u010dn\u00ed h\u0159i\u0161t\u011b, d\u011btsk\u00e9 h\u0159i\u0161t\u011b, d\u011btsk\u00fd koutek, wellness centrum, posilovna, Lobby bar a grilovac\u00ed alt\u00e1nky s krbem. M\u00e1te mo\u017enost si zap\u016fj\u010dit j\u00edzdn\u00ed kola a v zimn\u00edch m\u011bs\u00edc\u00edch jezd\u00ed Skibus. Apartm\u00e1n je za\u0159\u00edzen\u00fd pro 2-6 osob a m\u00e1 k dispozici vlastn\u00ed koupelnu se sprchov\u00fdm koutem, samostn\u00e9 WC, pln\u011b vybaven\u00fd kuchy\u0148sk\u00fd kout a TV s digit\u00e1ln\u00edm satelitn\u00edm p\u0159ij\u00edma\u010dem a Netflixem.<\/p>\n\n\n\n<ul class=\"wp-block-list\">\n<li>v cen\u011b ubytov\u00e1n\u00ed je zahrnuto lo\u017en\u00ed pr\u00e1dlo a ru\u010dn\u00edky<\/li>\n\n\n\n<li>parkov\u00e1n\u00ed je mo\u017en\u00e9 p\u0159ed objektem nebo v gar\u00e1\u017ei p\u0159\u00edmo v objektu<\/li>\n\n\n\n<li>zv\u00ed\u0159ec\u00ed mazl\u00ed\u010dci jsou v\u00edt\u00e1ni<\/li>\n\n\n\n<li>bezplatn\u00e9 WiFi<\/li>\n\n\n\n<li>hern\u00ed konzole Playstation 4<\/li>\n\n\n\n<li>d\u011btsk\u00e1 post\u00fdlka, d\u011bstk\u00e1 j\u00eddeln\u00ed \u017eidli\u010dka, hra\u010dky a filmy pro d\u011bti<\/li>\n\n\n\n<li>n\u00e1stup na pobyt je mo\u017en\u00fd kdykoliv<\/li>\n<\/ul>\n\n\n\n<p>VYBAVEN\u00cd APARTM\u00c1NU<\/p>\n\n\n\n<ul class=\"wp-block-list\">\n<li>P\u0159eds\u00ed\u0148 s \u0161atn\u00ed sk\u0159\u00edn\u00ed, vysava\u010d<\/li>\n\n\n\n<li>Koupelna se sprchov\u00fdm koutem, samostatn\u00fdm WC a f\u00e9nem<\/li>\n\n\n\n<li>Ob\u00fdvac\u00ed pokoj s kuchy\u0148sk\u00fdm koutem a j\u00eddeln\u00edm koutem a d\u011btskou \u017eidli\u010dkou<\/li>\n\n\n\n<li>Kuchy\u0148ka (elektrick\u00e1 trouba, sklokeramick\u00e1 varn\u00e1 deska, lednice, my\u010dka, mikrovlnn\u00e1 trouba, varn\u00e1 konvice, k\u00e1vovar, n\u00e1dob\u00ed)<\/li>\n\n\n\n<li>Ob\u00fdvac\u00ed pokoj (rozkl\u00e1dac\u00ed gau\u010d, TV s digit\u00e1ln\u00edm satelitn\u00edm p\u0159ij\u00edma\u010dem, pracovn\u00ed kout, d\u011btsk\u00e9 hra\u010dky)<\/li>\n\n\n\n<li>Lo\u017enice (dvoul\u016f\u017eko, jednol\u016f\u017eko rozkl\u00e1dac\u00ed pro 2 osoby, TV s digit\u00e1ln\u00edm satelitn\u00edm p\u0159ij\u00edma\u010dem)<\/li>\n<\/ul>\n\n\n\n<div class=\"wp-block-columns is-layout-flex wp-container-core-columns-is-layout-9d6595d7 wp-block-columns-is-layout-flex\">\n<div class=\"wp-block-column is-layout-flow wp-block-column-is-layout-flow\">\n<figure class=\"wp-block-image size-large\"><a href=\"http:\/\/www.topapartmany.cz\/wp-content\/uploads\/2023\/04\/Ve_k\u2020-Lomnica-VYBAVEN_-APARTM_NU-kuchynsk_-kout.jpg\" target=\"_blank\" rel=\"noreferrer noopener\"><img loading=\"lazy\" decoding=\"async\" width=\"700\" height=\"525\" src=\"http:\/\/www.topapartmany.cz\/wp-content\/uploads\/2023\/04\/Ve_k\u2020-Lomnica-VYBAVEN_-APARTM_NU-kuchynsk_-kout-700x525.jpg\" alt=\"\" class=\"wp-image-345\" srcset=\"https:\/\/www.topapartmany.cz\/wp-content\/uploads\/2023\/04\/Ve_k\u2020-Lomnica-VYBAVEN_-APARTM_NU-kuchynsk_-kout-700x525.jpg 700w, https:\/\/www.topapartmany.cz\/wp-content\/uploads\/2023\/04\/Ve_k\u2020-Lomnica-VYBAVEN_-APARTM_NU-kuchynsk_-kout-300x225.jpg 300w, https:\/\/www.topapartmany.cz\/wp-content\/uploads\/2023\/04\/Ve_k\u2020-Lomnica-VYBAVEN_-APARTM_NU-kuchynsk_-kout-768x576.jpg 768w, https:\/\/www.topapartmany.cz\/wp-content\/uploads\/2023\/04\/Ve_k\u2020-Lomnica-VYBAVEN_-APARTM_NU-kuchynsk_-kout-1536x1152.jpg 1536w, https:\/\/www.topapartmany.cz\/wp-content\/uploads\/2023\/04\/Ve_k\u2020-Lomnica-VYBAVEN_-APARTM_NU-kuchynsk_-kout-2048x1536.jpg 2048w, https:\/\/www.topapartmany.cz\/wp-content\/uploads\/2023\/04\/Ve_k\u2020-Lomnica-VYBAVEN_-APARTM_NU-kuchynsk_-kout-1140x855.jpg 1140w\" sizes=\"auto, (max-width: 700px) 100vw, 700px\" \/><\/a><\/figure>\n<\/div>\n\n\n\n<div class=\"wp-block-column is-layout-flow wp-block-column-is-layout-flow\">\n<figure class=\"wp-block-image size-large\"><a href=\"http:\/\/www.topapartmany.cz\/wp-content\/uploads\/2023\/04\/Ve_k\u2020-Lomnica-VYBAVEN_-APARTM_NU-lo_nice.jpg\" target=\"_blank\" rel=\"noreferrer noopener\"><img loading=\"lazy\" decoding=\"async\" width=\"700\" height=\"525\" src=\"http:\/\/www.topapartmany.cz\/wp-content\/uploads\/2023\/04\/Ve_k\u2020-Lomnica-VYBAVEN_-APARTM_NU-lo_nice-700x525.jpg\" alt=\"\" class=\"wp-image-346\" srcset=\"https:\/\/www.topapartmany.cz\/wp-content\/uploads\/2023\/04\/Ve_k\u2020-Lomnica-VYBAVEN_-APARTM_NU-lo_nice-700x525.jpg 700w, https:\/\/www.topapartmany.cz\/wp-content\/uploads\/2023\/04\/Ve_k\u2020-Lomnica-VYBAVEN_-APARTM_NU-lo_nice-300x225.jpg 300w, https:\/\/www.topapartmany.cz\/wp-content\/uploads\/2023\/04\/Ve_k\u2020-Lomnica-VYBAVEN_-APARTM_NU-lo_nice-768x576.jpg 768w, https:\/\/www.topapartmany.cz\/wp-content\/uploads\/2023\/04\/Ve_k\u2020-Lomnica-VYBAVEN_-APARTM_NU-lo_nice-1536x1152.jpg 1536w, https:\/\/www.topapartmany.cz\/wp-content\/uploads\/2023\/04\/Ve_k\u2020-Lomnica-VYBAVEN_-APARTM_NU-lo_nice-2048x1536.jpg 2048w, https:\/\/www.topapartmany.cz\/wp-content\/uploads\/2023\/04\/Ve_k\u2020-Lomnica-VYBAVEN_-APARTM_NU-lo_nice-1140x855.jpg 1140w\" sizes=\"auto, (max-width: 700px) 100vw, 700px\" \/><\/a><\/figure>\n<\/div>\n\n\n\n<div class=\"wp-block-column is-layout-flow wp-block-column-is-layout-flow\">\n<figure class=\"wp-block-image size-large\"><img loading=\"lazy\" decoding=\"async\" width=\"700\" height=\"525\" src=\"https:\/\/www.topapartmany.cz\/wp-content\/uploads\/2024\/10\/WhatsApp-Image-2024-10-22-at-11.19.00-700x525.jpeg\" alt=\"\" class=\"wp-image-455\" srcset=\"https:\/\/www.topapartmany.cz\/wp-content\/uploads\/2024\/10\/WhatsApp-Image-2024-10-22-at-11.19.00-700x525.jpeg 700w, https:\/\/www.topapartmany.cz\/wp-content\/uploads\/2024\/10\/WhatsApp-Image-2024-10-22-at-11.19.00-300x225.jpeg 300w, https:\/\/www.topapartmany.cz\/wp-content\/uploads\/2024\/10\/WhatsApp-Image-2024-10-22-at-11.19.00-768x576.jpeg 768w, https:\/\/www.topapartmany.cz\/wp-content\/uploads\/2024\/10\/WhatsApp-Image-2024-10-22-at-11.19.00-1536x1152.jpeg 1536w, https:\/\/www.topapartmany.cz\/wp-content\/uploads\/2024\/10\/WhatsApp-Image-2024-10-22-at-11.19.00-2048x1536.jpeg 2048w, https:\/\/www.topapartmany.cz\/wp-content\/uploads\/2024\/10\/WhatsApp-Image-2024-10-22-at-11.19.00-1140x855.jpeg 1140w\" sizes=\"auto, (max-width: 700px) 100vw, 700px\" \/><\/figure>\n<\/div>\n<\/div>\n\n\n\n<div class=\"wp-block-columns is-layout-flex wp-container-core-columns-is-layout-9d6595d7 wp-block-columns-is-layout-flex\">\n<div class=\"wp-block-column is-layout-flow wp-block-column-is-layout-flow\">\n<figure class=\"wp-block-image size-large\"><img loading=\"lazy\" decoding=\"async\" width=\"700\" height=\"933\" src=\"https:\/\/www.topapartmany.cz\/wp-content\/uploads\/2024\/10\/WhatsApp-Image-2024-10-22-at-11.18.59-700x933.jpeg\" alt=\"\" class=\"wp-image-458\" srcset=\"https:\/\/www.topapartmany.cz\/wp-content\/uploads\/2024\/10\/WhatsApp-Image-2024-10-22-at-11.18.59-700x933.jpeg 700w, https:\/\/www.topapartmany.cz\/wp-content\/uploads\/2024\/10\/WhatsApp-Image-2024-10-22-at-11.18.59-225x300.jpeg 225w, https:\/\/www.topapartmany.cz\/wp-content\/uploads\/2024\/10\/WhatsApp-Image-2024-10-22-at-11.18.59-768x1024.jpeg 768w, https:\/\/www.topapartmany.cz\/wp-content\/uploads\/2024\/10\/WhatsApp-Image-2024-10-22-at-11.18.59-1152x1536.jpeg 1152w, https:\/\/www.topapartmany.cz\/wp-content\/uploads\/2024\/10\/WhatsApp-Image-2024-10-22-at-11.18.59-1536x2048.jpeg 1536w, https:\/\/www.topapartmany.cz\/wp-content\/uploads\/2024\/10\/WhatsApp-Image-2024-10-22-at-11.18.59-1140x1520.jpeg 1140w, https:\/\/www.topapartmany.cz\/wp-content\/uploads\/2024\/10\/WhatsApp-Image-2024-10-22-at-11.18.59.jpeg 1920w\" sizes=\"auto, (max-width: 700px) 100vw, 700px\" \/><\/figure>\n<\/div>\n\n\n\n<div class=\"wp-block-column is-layout-flow wp-block-column-is-layout-flow\">\n<figure class=\"wp-block-image size-large\"><img loading=\"lazy\" decoding=\"async\" width=\"700\" height=\"933\" src=\"https:\/\/www.topapartmany.cz\/wp-content\/uploads\/2024\/10\/WhatsApp-Image-2024-10-22-at-11.18.59-4-700x933.jpeg\" alt=\"\" class=\"wp-image-457\" srcset=\"https:\/\/www.topapartmany.cz\/wp-content\/uploads\/2024\/10\/WhatsApp-Image-2024-10-22-at-11.18.59-4-700x933.jpeg 700w, https:\/\/www.topapartmany.cz\/wp-content\/uploads\/2024\/10\/WhatsApp-Image-2024-10-22-at-11.18.59-4-225x300.jpeg 225w, https:\/\/www.topapartmany.cz\/wp-content\/uploads\/2024\/10\/WhatsApp-Image-2024-10-22-at-11.18.59-4-768x1024.jpeg 768w, https:\/\/www.topapartmany.cz\/wp-content\/uploads\/2024\/10\/WhatsApp-Image-2024-10-22-at-11.18.59-4-1152x1536.jpeg 1152w, https:\/\/www.topapartmany.cz\/wp-content\/uploads\/2024\/10\/WhatsApp-Image-2024-10-22-at-11.18.59-4-1536x2048.jpeg 1536w, https:\/\/www.topapartmany.cz\/wp-content\/uploads\/2024\/10\/WhatsApp-Image-2024-10-22-at-11.18.59-4-1140x1520.jpeg 1140w, https:\/\/www.topapartmany.cz\/wp-content\/uploads\/2024\/10\/WhatsApp-Image-2024-10-22-at-11.18.59-4.jpeg 1920w\" sizes=\"auto, (max-width: 700px) 100vw, 700px\" \/><\/figure>\n<\/div>\n\n\n\n<div class=\"wp-block-column is-layout-flow wp-block-column-is-layout-flow\">\n<figure class=\"wp-block-image size-large\"><img loading=\"lazy\" decoding=\"async\" width=\"700\" height=\"933\" src=\"https:\/\/www.topapartmany.cz\/wp-content\/uploads\/2024\/10\/WhatsApp-Image-2024-10-22-at-11.18.59-2-700x933.jpeg\" alt=\"\" class=\"wp-image-456\" srcset=\"https:\/\/www.topapartmany.cz\/wp-content\/uploads\/2024\/10\/WhatsApp-Image-2024-10-22-at-11.18.59-2-700x933.jpeg 700w, https:\/\/www.topapartmany.cz\/wp-content\/uploads\/2024\/10\/WhatsApp-Image-2024-10-22-at-11.18.59-2-225x300.jpeg 225w, https:\/\/www.topapartmany.cz\/wp-content\/uploads\/2024\/10\/WhatsApp-Image-2024-10-22-at-11.18.59-2-768x1024.jpeg 768w, https:\/\/www.topapartmany.cz\/wp-content\/uploads\/2024\/10\/WhatsApp-Image-2024-10-22-at-11.18.59-2-1152x1536.jpeg 1152w, https:\/\/www.topapartmany.cz\/wp-content\/uploads\/2024\/10\/WhatsApp-Image-2024-10-22-at-11.18.59-2-1536x2048.jpeg 1536w, https:\/\/www.topapartmany.cz\/wp-content\/uploads\/2024\/10\/WhatsApp-Image-2024-10-22-at-11.18.59-2-1140x1520.jpeg 1140w, https:\/\/www.topapartmany.cz\/wp-content\/uploads\/2024\/10\/WhatsApp-Image-2024-10-22-at-11.18.59-2.jpeg 1920w\" sizes=\"auto, (max-width: 700px) 100vw, 700px\" \/><\/figure>\n<\/div>\n<\/div>\n","protected":false},"excerpt":{"rendered":"<p>Nab\u00edz\u00edme V\u00e1m luxusn\u00ed ubytov\u00e1n\u00ed v apartm\u00e1nu s n\u00e1dhern\u00fdm v\u00fdhledem na Vysok\u00e9 Tatry, kter\u00fd je zam\u011b\u0159en na rodinu s d\u011btmi a je zcela bezbari\u00e9rov\u00fd nebo si zde m\u016f\u017eete p\u0159ijet jenom odpo\u010dinout a zahr\u00e1t golf. Apartm\u00e1n je sou\u010d\u00e1st\u00ed apartm\u00e1nov\u00e9ho domu ve Ve\u013ek\u00e9 Lomnici, kter\u00fd le\u017e\u00ed v bl\u00edzkosti Vysok\u00fdch Tater a kousek od golfov\u00e9ho st\u0159ediska Black Stork. K dispozici je recepce po cel\u00fdch 24 hodin, kter\u00e1 je V\u00e1m pln\u011b k dispozici a kde si tak\u00e9 m\u016f\u017eete objednat sn\u00eddan\u011b a dal\u0161\u00ed slu\u017eby. V komplexu je multifunk\u010dn\u00ed h\u0159i\u0161t\u011b, d\u011btsk\u00e9 h\u0159i\u0161t\u011b, d\u011btsk\u00fd koutek, wellness centrum, posilovna, Lobby bar a grilovac\u00ed alt\u00e1nky s krbem. M\u00e1te mo\u017enost si zap\u016fj\u010dit j\u00edzdn\u00ed kola a v zimn\u00edch m\u011bs\u00edc\u00edch jezd\u00ed Skibus. Apartm\u00e1n je za\u0159\u00edzen\u00fd pro 2-6 osob a m\u00e1 k dispozici vlastn\u00ed koupelnu se sprchov\u00fdm koutem, samostn\u00e9 WC, pln\u011b vybaven\u00fd kuchy\u0148sk\u00fd kout a TV s digit\u00e1ln\u00edm satelitn\u00edm p\u0159ij\u00edma\u010dem a Netflixem. VYBAVEN\u00cd APARTM\u00c1NU<\/p>\n","protected":false},"author":2,"featured_media":29,"parent":0,"menu_order":0,"comment_status":"closed","ping_status":"closed","template":"","meta":{"footnotes":""},"class_list":["post-68","page","type-page","status-publish","has-post-thumbnail","hentry"],"_links":{"self":[{"href":"https:\/\/www.topapartmany.cz\/index.php?rest_route=\/wp\/v2\/pages\/68","targetHints":{"allow":["GET"]}}],"collection":[{"href":"https:\/\/www.topapartmany.cz\/index.php?rest_route=\/wp\/v2\/pages"}],"about":[{"href":"https:\/\/www.topapartmany.cz\/index.php?rest_route=\/wp\/v2\/types\/page"}],"author":[{"embeddable":true,"href":"https:\/\/www.topapartmany.cz\/index.php?rest_route=\/wp\/v2\/users\/2"}],"replies":[{"embeddable":true,"href":"https:\/\/www.topapartmany.cz\/index.php?rest_route=%2Fwp%2Fv2%2Fcomments&post=68"}],"version-history":[{"count":6,"href":"https:\/\/www.topapartmany.cz\/index.php?rest_route=\/wp\/v2\/pages\/68\/revisions"}],"predecessor-version":[{"id":459,"href":"https:\/\/www.topapartmany.cz\/index.php?rest_route=\/wp\/v2\/pages\/68\/revisions\/459"}],"wp:featuredmedia":[{"embeddable":true,"href":"https:\/\/www.topapartmany.cz\/index.php?rest_route=\/wp\/v2\/media\/29"}],"wp:attachment":[{"href":"https:\/\/www.topapartmany.cz\/index.php?rest_route=%2Fwp%2Fv2%2Fmedia&parent=68"}],"curies":[{"name":"wp","href":"https:\/\/api.w.org\/{rel}","templated":true}]}}